{"id":1401,"date":"2025-10-08T08:02:21","date_gmt":"2025-10-08T08:02:21","guid":{"rendered":"https:\/\/www.plywaniedragon.pl\/?post_type=product&#038;p=1401"},"modified":"2026-02-01T08:38:41","modified_gmt":"2026-02-01T08:38:41","slug":"platnosc-miesieczna-pakiet-rodzinny","status":"publish","type":"product","link":"https:\/\/www.plywaniedragon.pl\/index.php\/produkt\/platnosc-miesieczna-pakiet-rodzinny\/","title":{"rendered":"P\u0142atno\u015b\u0107 Miesi\u0119czna &#8211; Pakiet Rodzinny Lato 2026"},"content":{"rendered":"<h3 data-start=\"160\" data-end=\"203\"><strong data-start=\"164\" data-end=\"201\">Miesi\u0119czna rata \u2013 Pakiet Rodzinny <\/strong><strong data-start=\"123\" data-end=\"144\">Lato 2026<\/strong><\/h3>\n<p data-start=\"204\" data-end=\"319\"><strong data-start=\"204\" data-end=\"319\">Tylko dla rodzin, kt\u00f3re zapisa\u0142y minimum dwoje dzieci na CA\u0141Y semestr (od wrze\u015bnia) w Akademii P\u0142ywania Dragon.<\/strong><\/p>\n<p><br data-start=\"344\" data-end=\"347\" \/>Opcja miesi\u0119cznej p\u0142atno\u015bci za zaj\u0119cia p\u0142ywackie w ramach <strong data-start=\"405\" data-end=\"427\">Pakietu Rodzinnego<\/strong> to wygodne rozwi\u0105zanie stworzone specjalnie dla rodzin, kt\u00f3re ju\u017c od pocz\u0105tku semestru (czyli od wrze\u015bnia) zapisa\u0142y <strong data-start=\"544\" data-end=\"572\">co najmniej dwoje dzieci<\/strong> na zaj\u0119cia w naszej Akademii.<\/p>\n<p data-start=\"604\" data-end=\"694\"><strong data-start=\"607\" data-end=\"617\">Uwaga:<\/strong> Produkt nie jest dost\u0119pny dla os\u00f3b do\u0142\u0105czaj\u0105cych w trakcie trwania semestru.<\/p>\n<p data-start=\"701\" data-end=\"732\"><strong data-start=\"701\" data-end=\"732\">Co zawiera miesi\u0119czna rata?<\/strong><\/p>\n<ul data-start=\"733\" data-end=\"979\">\n<li data-start=\"733\" data-end=\"807\">\n<p data-start=\"735\" data-end=\"807\">udzia\u0142 w regularnych zaj\u0119ciach nauki p\u0142ywania (zgodnie z harmonogramem),<\/p>\n<\/li>\n<li data-start=\"808\" data-end=\"859\">\n<p data-start=\"810\" data-end=\"859\">opiek\u0119 wykwalifikowanego instruktora lub trenera,<\/p>\n<\/li>\n<li data-start=\"860\" data-end=\"912\">\n<p data-start=\"862\" data-end=\"912\">dost\u0119p do infrastruktury basenowej w czasie zaj\u0119\u0107,<\/p>\n<\/li>\n<li data-start=\"913\" data-end=\"979\">\n<p data-start=\"915\" data-end=\"979\">indywidualne podej\u015bcie i bezpieczn\u0105 nauk\u0119 w kameralnych grupach.<\/p>\n<\/li>\n<\/ul>\n<p data-start=\"986\" data-end=\"1001\"><strong data-start=\"986\" data-end=\"999\">Dla kogo?<\/strong><\/p>\n<ul data-start=\"1002\" data-end=\"1080\">\n<li data-start=\"1002\" data-end=\"1080\">\n<p data-start=\"1004\" data-end=\"1080\">dzieci i m\u0142odzie\u017c \u2013 uczestnicy zapisani w ramach Pakietu Rodzinnego.<\/p>\n<\/li>\n<\/ul>\n<p data-start=\"1087\" data-end=\"1284\"><strong data-start=\"1087\" data-end=\"1106\">Dlaczego warto?<\/strong><br data-start=\"1106\" data-end=\"1109\" \/>\u2705 elastyczna forma p\u0142atno\u015bci \u2013 p\u0142acisz co miesi\u0105c,<br data-start=\"1159\" data-end=\"1162\" \/>\u2705 profesjonalna i do\u015bwiadczona kadra,<br data-start=\"1199\" data-end=\"1202\" \/>\u2705 przyjazna, wspieraj\u0105ca atmosfera,<br data-start=\"1237\" data-end=\"1240\" \/>\u2705 komfortowe warunki nauki w ma\u0142ych grupach.<\/p>\n<p data-start=\"1291\" data-end=\"1506\"><strong data-start=\"1294\" data-end=\"1304\">WA\u017bNE:<\/strong><br data-start=\"1304\" data-end=\"1307\" \/>Ten produkt dotyczy jednej miesi\u0119cznej raty z pi\u0105ciu za zaj\u0119cia w ramach <strong data-start=\"1371\" data-end=\"1414\">Pakietu Rodzinnego<\/strong>.<br data-start=\"1415\" data-end=\"1418\" \/>Wymagane jest wcze\u015bniejsze zapisanie si\u0119 do grupy oraz akceptacja regulaminu Akademii.<\/p>\n<p data-start=\"1508\" data-end=\"1641\"><strong data-start=\"1511\" data-end=\"1587\">Prosimy o wpisanie imienia i nazwiska dziecka w komentarzu do zam\u00f3wienia<\/strong> \u2013 to konieczne do prawid\u0142owego przypisania p\u0142atno\u015bci.<\/p>\n","protected":false},"excerpt":{"rendered":"<p>Miesi\u0119czna rata \u2013 Pakiet Rodzinny Lato 2026 Tylko dla rodzin, kt\u00f3re zapisa\u0142y minimum dwoje dzieci na CA\u0141Y semestr (od wrze\u015bnia) w Akademii P\u0142ywania Dragon. Opcja&hellip;<\/p>\n","protected":false},"featured_media":1568,"comment_status":"open","ping_status":"closed","template":"","meta":[],"product_brand":[],"product_cat":[26],"product_tag":[27],"class_list":{"0":"post-1401","1":"product","2":"type-product","3":"status-publish","4":"has-post-thumbnail","6":"product_cat-platnosc-miesieczna","7":"product_tag-platnosc-miesieczna","9":"first","10":"instock","11":"sold-individually","12":"shipping-taxable","13":"purchasable","14":"product-type-variable","15":"customify-col"},"yoast_head":"<!-- This site is optimized with the Yoast SEO plugin v27.4 - https:\/\/yoast.com\/product\/yoast-seo-wordpress\/ -->\n<title>P\u0142atno\u015b\u0107 Miesi\u0119czna - Pakiet Rodzinny Lato 2026 - Akademia P\u0142ywania Dragon - Szko\u0142a P\u0142ywania<\/title>\n<meta name=\"description\" content=\"Nauka p\u0142ywania z Akademi\u0105 P\u0142ywania DragonOp\u0142a\u0107 udzia\u0142 w zaj\u0119ciach p\u0142ywackich w formie wygodnej miesi\u0119cznej raty! #rado\u015b\u0107 #pasja #satysfakcja\" \/>\n<meta name=\"robots\" content=\"index, follow, max-snippet:-1, max-image-preview:large, max-video-preview:-1\" \/>\n<link rel=\"canonical\" href=\"https:\/\/www.plywaniedragon.pl\/index.php\/produkt\/platnosc-miesieczna-pakiet-rodzinny\/\" \/>\n<meta property=\"og:locale\" content=\"pl_PL\" \/>\n<meta property=\"og:type\" content=\"article\" \/>\n<meta property=\"og:title\" content=\"P\u0142atno\u015b\u0107 Miesi\u0119czna - Pakiet Rodzinny Lato 2026 - Akademia P\u0142ywania Dragon - Szko\u0142a P\u0142ywania\" \/>\n<meta property=\"og:description\" content=\"Nauka p\u0142ywania z Akademi\u0105 P\u0142ywania DragonOp\u0142a\u0107 udzia\u0142 w zaj\u0119ciach p\u0142ywackich w formie wygodnej miesi\u0119cznej raty! #rado\u015b\u0107 #pasja #satysfakcja\" \/>\n<meta property=\"og:url\" content=\"https:\/\/www.plywaniedragon.pl\/index.php\/produkt\/platnosc-miesieczna-pakiet-rodzinny\/\" \/>\n<meta property=\"og:site_name\" content=\"Akademia P\u0142ywania Dragon - Szko\u0142a P\u0142ywania\" \/>\n<meta property=\"article:publisher\" content=\"https:\/\/www.facebook.com\/PlywanieDragon\" \/>\n<meta property=\"article:modified_time\" content=\"2026-02-01T08:38:41+00:00\" \/>\n<meta property=\"og:image\" content=\"https:\/\/www.plywaniedragon.pl\/wp-content\/uploads\/2025\/10\/PLATNOSC-MIESIECZNA-Pakiet-rodzinny-2.png\" \/>\n\t<meta property=\"og:image:width\" content=\"1080\" \/>\n\t<meta property=\"og:image:height\" content=\"1080\" \/>\n\t<meta property=\"og:image:type\" content=\"image\/png\" \/>\n<meta name=\"twitter:card\" content=\"summary_large_image\" \/>\n<meta name=\"twitter:label1\" content=\"Szacowany czas czytania\" \/>\n\t<meta name=\"twitter:data1\" content=\"2 minuty\" \/>\n<script type=\"application\/ld+json\" class=\"yoast-schema-graph\">{\"@context\":\"https:\\\/\\\/schema.org\",\"@graph\":[{\"@type\":\"WebPage\",\"@id\":\"https:\\\/\\\/www.plywaniedragon.pl\\\/index.php\\\/produkt\\\/platnosc-miesieczna-pakiet-rodzinny\\\/\",\"url\":\"https:\\\/\\\/www.plywaniedragon.pl\\\/index.php\\\/produkt\\\/platnosc-miesieczna-pakiet-rodzinny\\\/\",\"name\":\"P\u0142atno\u015b\u0107 Miesi\u0119czna - Pakiet Rodzinny Lato 2026 - Akademia P\u0142ywania Dragon - Szko\u0142a P\u0142ywania\",\"isPartOf\":{\"@id\":\"https:\\\/\\\/www.plywaniedragon.pl\\\/#website\"},\"primaryImageOfPage\":{\"@id\":\"https:\\\/\\\/www.plywaniedragon.pl\\\/index.php\\\/produkt\\\/platnosc-miesieczna-pakiet-rodzinny\\\/#primaryimage\"},\"image\":{\"@id\":\"https:\\\/\\\/www.plywaniedragon.pl\\\/index.php\\\/produkt\\\/platnosc-miesieczna-pakiet-rodzinny\\\/#primaryimage\"},\"thumbnailUrl\":\"https:\\\/\\\/www.plywaniedragon.pl\\\/wp-content\\\/uploads\\\/2025\\\/10\\\/PLATNOSC-MIESIECZNA-Pakiet-rodzinny-2.png\",\"datePublished\":\"2025-10-08T08:02:21+00:00\",\"dateModified\":\"2026-02-01T08:38:41+00:00\",\"description\":\"Nauka p\u0142ywania z Akademi\u0105 P\u0142ywania DragonOp\u0142a\u0107 udzia\u0142 w zaj\u0119ciach p\u0142ywackich w formie wygodnej miesi\u0119cznej raty! #rado\u015b\u0107 #pasja #satysfakcja\",\"breadcrumb\":{\"@id\":\"https:\\\/\\\/www.plywaniedragon.pl\\\/index.php\\\/produkt\\\/platnosc-miesieczna-pakiet-rodzinny\\\/#breadcrumb\"},\"inLanguage\":\"pl-PL\",\"potentialAction\":[{\"@type\":\"ReadAction\",\"target\":[\"https:\\\/\\\/www.plywaniedragon.pl\\\/index.php\\\/produkt\\\/platnosc-miesieczna-pakiet-rodzinny\\\/\"]}]},{\"@type\":\"ImageObject\",\"inLanguage\":\"pl-PL\",\"@id\":\"https:\\\/\\\/www.plywaniedragon.pl\\\/index.php\\\/produkt\\\/platnosc-miesieczna-pakiet-rodzinny\\\/#primaryimage\",\"url\":\"https:\\\/\\\/www.plywaniedragon.pl\\\/wp-content\\\/uploads\\\/2025\\\/10\\\/PLATNOSC-MIESIECZNA-Pakiet-rodzinny-2.png\",\"contentUrl\":\"https:\\\/\\\/www.plywaniedragon.pl\\\/wp-content\\\/uploads\\\/2025\\\/10\\\/PLATNOSC-MIESIECZNA-Pakiet-rodzinny-2.png\",\"width\":1080,\"height\":1080},{\"@type\":\"BreadcrumbList\",\"@id\":\"https:\\\/\\\/www.plywaniedragon.pl\\\/index.php\\\/produkt\\\/platnosc-miesieczna-pakiet-rodzinny\\\/#breadcrumb\",\"itemListElement\":[{\"@type\":\"ListItem\",\"position\":1,\"name\":\"Strona g\u0142\u00f3wna\",\"item\":\"https:\\\/\\\/www.plywaniedragon.pl\\\/\"},{\"@type\":\"ListItem\",\"position\":2,\"name\":\"P\u0142atno\u015bci\",\"item\":\"https:\\\/\\\/www.plywaniedragon.pl\\\/index.php\\\/sklep\\\/\"},{\"@type\":\"ListItem\",\"position\":3,\"name\":\"P\u0142atno\u015b\u0107 Miesi\u0119czna &#8211; Pakiet Rodzinny Lato 2026\"}]},{\"@type\":\"WebSite\",\"@id\":\"https:\\\/\\\/www.plywaniedragon.pl\\\/#website\",\"url\":\"https:\\\/\\\/www.plywaniedragon.pl\\\/\",\"name\":\"Akademia P\u0142ywania Dragon\",\"description\":\"Szko\u0142\u0105 P\u0142ywania - Akademia P\u0142ywania Dragon - Nauka P\u0142ywania na najwy\u017cszym poziomie\",\"publisher\":{\"@id\":\"https:\\\/\\\/www.plywaniedragon.pl\\\/#organization\"},\"potentialAction\":[{\"@type\":\"SearchAction\",\"target\":{\"@type\":\"EntryPoint\",\"urlTemplate\":\"https:\\\/\\\/www.plywaniedragon.pl\\\/?s={search_term_string}\"},\"query-input\":{\"@type\":\"PropertyValueSpecification\",\"valueRequired\":true,\"valueName\":\"search_term_string\"}}],\"inLanguage\":\"pl-PL\"},{\"@type\":\"Organization\",\"@id\":\"https:\\\/\\\/www.plywaniedragon.pl\\\/#organization\",\"name\":\"Akademia P\u0142ywania Dragon\",\"url\":\"https:\\\/\\\/www.plywaniedragon.pl\\\/\",\"logo\":{\"@type\":\"ImageObject\",\"inLanguage\":\"pl-PL\",\"@id\":\"https:\\\/\\\/www.plywaniedragon.pl\\\/#\\\/schema\\\/logo\\\/image\\\/\",\"url\":\"https:\\\/\\\/www.plywaniedragon.pl\\\/wp-content\\\/uploads\\\/2023\\\/07\\\/cropped-cropped-cropped-cropped-cropped-cropped-plywanie_logo_bez_tla.png\",\"contentUrl\":\"https:\\\/\\\/www.plywaniedragon.pl\\\/wp-content\\\/uploads\\\/2023\\\/07\\\/cropped-cropped-cropped-cropped-cropped-cropped-plywanie_logo_bez_tla.png\",\"width\":512,\"height\":512,\"caption\":\"Akademia P\u0142ywania Dragon\"},\"image\":{\"@id\":\"https:\\\/\\\/www.plywaniedragon.pl\\\/#\\\/schema\\\/logo\\\/image\\\/\"},\"sameAs\":[\"https:\\\/\\\/www.facebook.com\\\/PlywanieDragon\",\"https:\\\/\\\/www.instagram.com\\\/plywaniedragon\\\/\"]}]}<\/script>\n<!-- \/ Yoast SEO plugin. -->","yoast_head_json":{"title":"P\u0142atno\u015b\u0107 Miesi\u0119czna - Pakiet Rodzinny Lato 2026 - Akademia P\u0142ywania Dragon - Szko\u0142a P\u0142ywania","description":"Nauka p\u0142ywania z Akademi\u0105 P\u0142ywania DragonOp\u0142a\u0107 udzia\u0142 w zaj\u0119ciach p\u0142ywackich w formie wygodnej miesi\u0119cznej raty! #rado\u015b\u0107 #pasja #satysfakcja","robots":{"index":"index","follow":"follow","max-snippet":"max-snippet:-1","max-image-preview":"max-image-preview:large","max-video-preview":"max-video-preview:-1"},"canonical":"https:\/\/www.plywaniedragon.pl\/index.php\/produkt\/platnosc-miesieczna-pakiet-rodzinny\/","og_locale":"pl_PL","og_type":"article","og_title":"P\u0142atno\u015b\u0107 Miesi\u0119czna - Pakiet Rodzinny Lato 2026 - Akademia P\u0142ywania Dragon - Szko\u0142a P\u0142ywania","og_description":"Nauka p\u0142ywania z Akademi\u0105 P\u0142ywania DragonOp\u0142a\u0107 udzia\u0142 w zaj\u0119ciach p\u0142ywackich w formie wygodnej miesi\u0119cznej raty! #rado\u015b\u0107 #pasja #satysfakcja","og_url":"https:\/\/www.plywaniedragon.pl\/index.php\/produkt\/platnosc-miesieczna-pakiet-rodzinny\/","og_site_name":"Akademia P\u0142ywania Dragon - Szko\u0142a P\u0142ywania","article_publisher":"https:\/\/www.facebook.com\/PlywanieDragon","article_modified_time":"2026-02-01T08:38:41+00:00","og_image":[{"width":1080,"height":1080,"url":"https:\/\/www.plywaniedragon.pl\/wp-content\/uploads\/2025\/10\/PLATNOSC-MIESIECZNA-Pakiet-rodzinny-2.png","type":"image\/png"}],"twitter_card":"summary_large_image","twitter_misc":{"Szacowany czas czytania":"2 minuty"},"schema":{"@context":"https:\/\/schema.org","@graph":[{"@type":"WebPage","@id":"https:\/\/www.plywaniedragon.pl\/index.php\/produkt\/platnosc-miesieczna-pakiet-rodzinny\/","url":"https:\/\/www.plywaniedragon.pl\/index.php\/produkt\/platnosc-miesieczna-pakiet-rodzinny\/","name":"P\u0142atno\u015b\u0107 Miesi\u0119czna - Pakiet Rodzinny Lato 2026 - Akademia P\u0142ywania Dragon - Szko\u0142a P\u0142ywania","isPartOf":{"@id":"https:\/\/www.plywaniedragon.pl\/#website"},"primaryImageOfPage":{"@id":"https:\/\/www.plywaniedragon.pl\/index.php\/produkt\/platnosc-miesieczna-pakiet-rodzinny\/#primaryimage"},"image":{"@id":"https:\/\/www.plywaniedragon.pl\/index.php\/produkt\/platnosc-miesieczna-pakiet-rodzinny\/#primaryimage"},"thumbnailUrl":"https:\/\/www.plywaniedragon.pl\/wp-content\/uploads\/2025\/10\/PLATNOSC-MIESIECZNA-Pakiet-rodzinny-2.png","datePublished":"2025-10-08T08:02:21+00:00","dateModified":"2026-02-01T08:38:41+00:00","description":"Nauka p\u0142ywania z Akademi\u0105 P\u0142ywania DragonOp\u0142a\u0107 udzia\u0142 w zaj\u0119ciach p\u0142ywackich w formie wygodnej miesi\u0119cznej raty! #rado\u015b\u0107 #pasja #satysfakcja","breadcrumb":{"@id":"https:\/\/www.plywaniedragon.pl\/index.php\/produkt\/platnosc-miesieczna-pakiet-rodzinny\/#breadcrumb"},"inLanguage":"pl-PL","potentialAction":[{"@type":"ReadAction","target":["https:\/\/www.plywaniedragon.pl\/index.php\/produkt\/platnosc-miesieczna-pakiet-rodzinny\/"]}]},{"@type":"ImageObject","inLanguage":"pl-PL","@id":"https:\/\/www.plywaniedragon.pl\/index.php\/produkt\/platnosc-miesieczna-pakiet-rodzinny\/#primaryimage","url":"https:\/\/www.plywaniedragon.pl\/wp-content\/uploads\/2025\/10\/PLATNOSC-MIESIECZNA-Pakiet-rodzinny-2.png","contentUrl":"https:\/\/www.plywaniedragon.pl\/wp-content\/uploads\/2025\/10\/PLATNOSC-MIESIECZNA-Pakiet-rodzinny-2.png","width":1080,"height":1080},{"@type":"BreadcrumbList","@id":"https:\/\/www.plywaniedragon.pl\/index.php\/produkt\/platnosc-miesieczna-pakiet-rodzinny\/#breadcrumb","itemListElement":[{"@type":"ListItem","position":1,"name":"Strona g\u0142\u00f3wna","item":"https:\/\/www.plywaniedragon.pl\/"},{"@type":"ListItem","position":2,"name":"P\u0142atno\u015bci","item":"https:\/\/www.plywaniedragon.pl\/index.php\/sklep\/"},{"@type":"ListItem","position":3,"name":"P\u0142atno\u015b\u0107 Miesi\u0119czna &#8211; Pakiet Rodzinny Lato 2026"}]},{"@type":"WebSite","@id":"https:\/\/www.plywaniedragon.pl\/#website","url":"https:\/\/www.plywaniedragon.pl\/","name":"Akademia P\u0142ywania Dragon","description":"Szko\u0142\u0105 P\u0142ywania - Akademia P\u0142ywania Dragon - Nauka P\u0142ywania na najwy\u017cszym poziomie","publisher":{"@id":"https:\/\/www.plywaniedragon.pl\/#organization"},"potentialAction":[{"@type":"SearchAction","target":{"@type":"EntryPoint","urlTemplate":"https:\/\/www.plywaniedragon.pl\/?s={search_term_string}"},"query-input":{"@type":"PropertyValueSpecification","valueRequired":true,"valueName":"search_term_string"}}],"inLanguage":"pl-PL"},{"@type":"Organization","@id":"https:\/\/www.plywaniedragon.pl\/#organization","name":"Akademia P\u0142ywania Dragon","url":"https:\/\/www.plywaniedragon.pl\/","logo":{"@type":"ImageObject","inLanguage":"pl-PL","@id":"https:\/\/www.plywaniedragon.pl\/#\/schema\/logo\/image\/","url":"https:\/\/www.plywaniedragon.pl\/wp-content\/uploads\/2023\/07\/cropped-cropped-cropped-cropped-cropped-cropped-plywanie_logo_bez_tla.png","contentUrl":"https:\/\/www.plywaniedragon.pl\/wp-content\/uploads\/2023\/07\/cropped-cropped-cropped-cropped-cropped-cropped-plywanie_logo_bez_tla.png","width":512,"height":512,"caption":"Akademia P\u0142ywania Dragon"},"image":{"@id":"https:\/\/www.plywaniedragon.pl\/#\/schema\/logo\/image\/"},"sameAs":["https:\/\/www.facebook.com\/PlywanieDragon","https:\/\/www.instagram.com\/plywaniedragon\/"]}]}},"_links":{"self":[{"href":"https:\/\/www.plywaniedragon.pl\/index.php\/wp-json\/wp\/v2\/product\/1401","targetHints":{"allow":["GET"]}}],"collection":[{"href":"https:\/\/www.plywaniedragon.pl\/index.php\/wp-json\/wp\/v2\/product"}],"about":[{"href":"https:\/\/www.plywaniedragon.pl\/index.php\/wp-json\/wp\/v2\/types\/product"}],"replies":[{"embeddable":true,"href":"https:\/\/www.plywaniedragon.pl\/index.php\/wp-json\/wp\/v2\/comments?post=1401"}],"wp:featuredmedia":[{"embeddable":true,"href":"https:\/\/www.plywaniedragon.pl\/index.php\/wp-json\/wp\/v2\/media\/1568"}],"wp:attachment":[{"href":"https:\/\/www.plywaniedragon.pl\/index.php\/wp-json\/wp\/v2\/media?parent=1401"}],"wp:term":[{"taxonomy":"product_brand","embeddable":true,"href":"https:\/\/www.plywaniedragon.pl\/index.php\/wp-json\/wp\/v2\/product_brand?post=1401"},{"taxonomy":"product_cat","embeddable":true,"href":"https:\/\/www.plywaniedragon.pl\/index.php\/wp-json\/wp\/v2\/product_cat?post=1401"},{"taxonomy":"product_tag","embeddable":true,"href":"https:\/\/www.plywaniedragon.pl\/index.php\/wp-json\/wp\/v2\/product_tag?post=1401"}],"curies":[{"name":"wp","href":"https:\/\/api.w.org\/{rel}","templated":true}]}}