{"id":1323,"date":"2025-10-07T17:54:16","date_gmt":"2025-10-07T17:54:16","guid":{"rendered":"https:\/\/www.plywaniedragon.pl\/?post_type=product&#038;p=1323"},"modified":"2026-02-01T08:40:15","modified_gmt":"2026-02-01T08:40:15","slug":"platnosc-miesieczna-pakiet-podstawowy","status":"publish","type":"product","link":"https:\/\/www.plywaniedragon.pl\/index.php\/produkt\/platnosc-miesieczna-pakiet-podstawowy\/","title":{"rendered":"P\u0142atno\u015b\u0107 Miesi\u0119czna &#8211; Pakiet Podstawowy Lato 2026"},"content":{"rendered":"<h3 data-start=\"198\" data-end=\"239\">Miesi\u0119czna rata &#8211; Pakiet Podstawowy <strong data-start=\"123\" data-end=\"144\">Lato 2026<\/strong><\/h3>\n<p data-start=\"240\" data-end=\"285\"><strong data-start=\"240\" data-end=\"285\">Nauka p\u0142ywania z Akademi\u0105 P\u0142ywania Dragon<\/strong><\/p>\n<p data-start=\"287\" data-end=\"502\">Op\u0142a\u0107 udzia\u0142 w zaj\u0119ciach p\u0142ywackich w <strong data-start=\"325\" data-end=\"361\">formie wygodnej miesi\u0119cznej raty<\/strong>!<\/p>\n<p data-start=\"504\" data-end=\"546\"><strong data-start=\"504\" data-end=\"546\">W ramach miesi\u0119cznej raty otrzymujesz:<\/strong><\/p>\n<ul data-start=\"547\" data-end=\"781\">\n<li data-start=\"547\" data-end=\"621\">\n<p data-start=\"549\" data-end=\"621\">udzia\u0142 w regularnych zaj\u0119ciach nauki p\u0142ywania (zgodnie z harmonogramem),<\/p>\n<\/li>\n<li data-start=\"622\" data-end=\"661\">\n<p data-start=\"624\" data-end=\"661\">opiek\u0119 wykwalifikowanego instruktora\/ trenera,<\/p>\n<\/li>\n<li data-start=\"662\" data-end=\"714\">\n<p data-start=\"664\" data-end=\"714\">dost\u0119p do infrastruktury basenowej w czasie zaj\u0119\u0107,<\/p>\n<\/li>\n<li data-start=\"715\" data-end=\"781\">\n<p data-start=\"717\" data-end=\"781\">indywidualne podej\u015bcie i bezpieczn\u0105 nauk\u0119 w kameralnych grupach.<\/p>\n<\/li>\n<\/ul>\n<p data-start=\"783\" data-end=\"796\"><strong data-start=\"783\" data-end=\"796\">Dla kogo?<\/strong><\/p>\n<ul data-start=\"797\" data-end=\"918\">\n<li data-start=\"797\" data-end=\"850\">\n<p data-start=\"799\" data-end=\"850\">dzieci, m\u0142odzie\u017c i doro\u015bli,<\/p>\n<\/li>\n<\/ul>\n<p data-start=\"920\" data-end=\"939\"><strong data-start=\"920\" data-end=\"939\">Dlaczego warto?<\/strong><\/p>\n<ul data-start=\"940\" data-end=\"1073\">\n<li data-start=\"940\" data-end=\"990\">\n<p data-start=\"942\" data-end=\"990\">elastyczna forma p\u0142atno\u015bci \u2013 p\u0142acisz co miesi\u0105c,<\/p>\n<\/li>\n<li data-start=\"940\" data-end=\"990\">indywidualne podej\u015bcie do ka\u017cdego,<\/li>\n<li data-start=\"1029\" data-end=\"1073\">\n<p data-start=\"1031\" data-end=\"1073\">profesjonalna kadra i przyjazna atmosfera.<\/p>\n<\/li>\n<\/ul>\n<p data-start=\"1075\" data-end=\"1254\"><em data-start=\"1075\" data-end=\"1254\">Uwaga: zakup produktu dotyczy jednej miesi\u0119cznej raty za zaj\u0119cia w ramach Pakietu Podstawowego. Wymagane wcze\u015bniejsze zapisanie si\u0119 do grupy oraz akceptacja regulaminu Akademii.<br \/>\n<\/em><\/p>\n<p data-start=\"1075\" data-end=\"1254\"><strong data-start=\"536\" data-end=\"546\">WA\u017bNE:<\/strong><br data-start=\"546\" data-end=\"549\" \/>Prosimy o <strong data-start=\"559\" data-end=\"624\">podanie imienia i nazwiska dziecka w komentarzu do zam\u00f3wienia<\/strong> \u2013 to niezb\u0119dne do prawid\u0142owego przypisania p\u0142atno\u015bci!<\/p>\n<p>&nbsp;<\/p>\n","protected":false},"excerpt":{"rendered":"<p>Miesi\u0119czna rata &#8211; Pakiet Podstawowy Lato 2026 Nauka p\u0142ywania z Akademi\u0105 P\u0142ywania Dragon Op\u0142a\u0107 udzia\u0142 w zaj\u0119ciach p\u0142ywackich w formie wygodnej miesi\u0119cznej raty! W ramach&hellip;<\/p>\n","protected":false},"featured_media":1569,"comment_status":"open","ping_status":"closed","template":"","meta":[],"product_brand":[],"product_cat":[26],"product_tag":[27],"class_list":{"0":"post-1323","1":"product","2":"type-product","3":"status-publish","4":"has-post-thumbnail","6":"product_cat-platnosc-miesieczna","7":"product_tag-platnosc-miesieczna","9":"first","10":"instock","11":"sold-individually","12":"shipping-taxable","13":"purchasable","14":"product-type-variable","15":"customify-col"},"yoast_head":"<!-- This site is optimized with the Yoast SEO plugin v27.4 - https:\/\/yoast.com\/product\/yoast-seo-wordpress\/ -->\n<title>P\u0142atno\u015b\u0107 Miesi\u0119czna - Pakiet Podstawowy Lato 2026 - Akademia P\u0142ywania Dragon - Szko\u0142a P\u0142ywania<\/title>\n<meta name=\"description\" content=\"Nauka p\u0142ywania z Akademi\u0105 P\u0142ywania DragonOp\u0142a\u0107 udzia\u0142 w zaj\u0119ciach p\u0142ywackich w formie wygodnej miesi\u0119cznej raty! #rado\u015b\u0107 #pasja #satysfakcja\" \/>\n<meta name=\"robots\" content=\"index, follow, max-snippet:-1, max-image-preview:large, max-video-preview:-1\" \/>\n<link rel=\"canonical\" href=\"https:\/\/www.plywaniedragon.pl\/index.php\/produkt\/platnosc-miesieczna-pakiet-podstawowy\/\" \/>\n<meta property=\"og:locale\" content=\"pl_PL\" \/>\n<meta property=\"og:type\" content=\"article\" \/>\n<meta property=\"og:title\" content=\"P\u0142atno\u015b\u0107 Miesi\u0119czna - Pakiet Podstawowy Lato 2026 - Akademia P\u0142ywania Dragon - Szko\u0142a P\u0142ywania\" \/>\n<meta property=\"og:description\" content=\"Nauka p\u0142ywania z Akademi\u0105 P\u0142ywania DragonOp\u0142a\u0107 udzia\u0142 w zaj\u0119ciach p\u0142ywackich w formie wygodnej miesi\u0119cznej raty! #rado\u015b\u0107 #pasja #satysfakcja\" \/>\n<meta property=\"og:url\" content=\"https:\/\/www.plywaniedragon.pl\/index.php\/produkt\/platnosc-miesieczna-pakiet-podstawowy\/\" \/>\n<meta property=\"og:site_name\" content=\"Akademia P\u0142ywania Dragon - Szko\u0142a P\u0142ywania\" \/>\n<meta property=\"article:publisher\" content=\"https:\/\/www.facebook.com\/PlywanieDragon\" \/>\n<meta property=\"article:modified_time\" content=\"2026-02-01T08:40:15+00:00\" \/>\n<meta property=\"og:image\" content=\"https:\/\/www.plywaniedragon.pl\/wp-content\/uploads\/2025\/10\/PAKIET-PODSTAWOWY.png\" \/>\n\t<meta property=\"og:image:width\" content=\"1080\" \/>\n\t<meta property=\"og:image:height\" content=\"1080\" \/>\n\t<meta property=\"og:image:type\" content=\"image\/png\" \/>\n<meta name=\"twitter:card\" content=\"summary_large_image\" \/>\n<meta name=\"twitter:label1\" content=\"Szacowany czas czytania\" \/>\n\t<meta name=\"twitter:data1\" content=\"1 minuta\" \/>\n<script type=\"application\/ld+json\" class=\"yoast-schema-graph\">{\"@context\":\"https:\\\/\\\/schema.org\",\"@graph\":[{\"@type\":\"WebPage\",\"@id\":\"https:\\\/\\\/www.plywaniedragon.pl\\\/index.php\\\/produkt\\\/platnosc-miesieczna-pakiet-podstawowy\\\/\",\"url\":\"https:\\\/\\\/www.plywaniedragon.pl\\\/index.php\\\/produkt\\\/platnosc-miesieczna-pakiet-podstawowy\\\/\",\"name\":\"P\u0142atno\u015b\u0107 Miesi\u0119czna - Pakiet Podstawowy Lato 2026 - Akademia P\u0142ywania Dragon - Szko\u0142a P\u0142ywania\",\"isPartOf\":{\"@id\":\"https:\\\/\\\/www.plywaniedragon.pl\\\/#website\"},\"primaryImageOfPage\":{\"@id\":\"https:\\\/\\\/www.plywaniedragon.pl\\\/index.php\\\/produkt\\\/platnosc-miesieczna-pakiet-podstawowy\\\/#primaryimage\"},\"image\":{\"@id\":\"https:\\\/\\\/www.plywaniedragon.pl\\\/index.php\\\/produkt\\\/platnosc-miesieczna-pakiet-podstawowy\\\/#primaryimage\"},\"thumbnailUrl\":\"https:\\\/\\\/www.plywaniedragon.pl\\\/wp-content\\\/uploads\\\/2025\\\/10\\\/PAKIET-PODSTAWOWY.png\",\"datePublished\":\"2025-10-07T17:54:16+00:00\",\"dateModified\":\"2026-02-01T08:40:15+00:00\",\"description\":\"Nauka p\u0142ywania z Akademi\u0105 P\u0142ywania DragonOp\u0142a\u0107 udzia\u0142 w zaj\u0119ciach p\u0142ywackich w formie wygodnej miesi\u0119cznej raty! #rado\u015b\u0107 #pasja #satysfakcja\",\"breadcrumb\":{\"@id\":\"https:\\\/\\\/www.plywaniedragon.pl\\\/index.php\\\/produkt\\\/platnosc-miesieczna-pakiet-podstawowy\\\/#breadcrumb\"},\"inLanguage\":\"pl-PL\",\"potentialAction\":[{\"@type\":\"ReadAction\",\"target\":[\"https:\\\/\\\/www.plywaniedragon.pl\\\/index.php\\\/produkt\\\/platnosc-miesieczna-pakiet-podstawowy\\\/\"]}]},{\"@type\":\"ImageObject\",\"inLanguage\":\"pl-PL\",\"@id\":\"https:\\\/\\\/www.plywaniedragon.pl\\\/index.php\\\/produkt\\\/platnosc-miesieczna-pakiet-podstawowy\\\/#primaryimage\",\"url\":\"https:\\\/\\\/www.plywaniedragon.pl\\\/wp-content\\\/uploads\\\/2025\\\/10\\\/PAKIET-PODSTAWOWY.png\",\"contentUrl\":\"https:\\\/\\\/www.plywaniedragon.pl\\\/wp-content\\\/uploads\\\/2025\\\/10\\\/PAKIET-PODSTAWOWY.png\",\"width\":1080,\"height\":1080},{\"@type\":\"BreadcrumbList\",\"@id\":\"https:\\\/\\\/www.plywaniedragon.pl\\\/index.php\\\/produkt\\\/platnosc-miesieczna-pakiet-podstawowy\\\/#breadcrumb\",\"itemListElement\":[{\"@type\":\"ListItem\",\"position\":1,\"name\":\"Strona g\u0142\u00f3wna\",\"item\":\"https:\\\/\\\/www.plywaniedragon.pl\\\/\"},{\"@type\":\"ListItem\",\"position\":2,\"name\":\"P\u0142atno\u015bci\",\"item\":\"https:\\\/\\\/www.plywaniedragon.pl\\\/index.php\\\/sklep\\\/\"},{\"@type\":\"ListItem\",\"position\":3,\"name\":\"P\u0142atno\u015b\u0107 Miesi\u0119czna &#8211; Pakiet Podstawowy Lato 2026\"}]},{\"@type\":\"WebSite\",\"@id\":\"https:\\\/\\\/www.plywaniedragon.pl\\\/#website\",\"url\":\"https:\\\/\\\/www.plywaniedragon.pl\\\/\",\"name\":\"Akademia P\u0142ywania Dragon\",\"description\":\"Szko\u0142\u0105 P\u0142ywania - Akademia P\u0142ywania Dragon - Nauka P\u0142ywania na najwy\u017cszym poziomie\",\"publisher\":{\"@id\":\"https:\\\/\\\/www.plywaniedragon.pl\\\/#organization\"},\"potentialAction\":[{\"@type\":\"SearchAction\",\"target\":{\"@type\":\"EntryPoint\",\"urlTemplate\":\"https:\\\/\\\/www.plywaniedragon.pl\\\/?s={search_term_string}\"},\"query-input\":{\"@type\":\"PropertyValueSpecification\",\"valueRequired\":true,\"valueName\":\"search_term_string\"}}],\"inLanguage\":\"pl-PL\"},{\"@type\":\"Organization\",\"@id\":\"https:\\\/\\\/www.plywaniedragon.pl\\\/#organization\",\"name\":\"Akademia P\u0142ywania Dragon\",\"url\":\"https:\\\/\\\/www.plywaniedragon.pl\\\/\",\"logo\":{\"@type\":\"ImageObject\",\"inLanguage\":\"pl-PL\",\"@id\":\"https:\\\/\\\/www.plywaniedragon.pl\\\/#\\\/schema\\\/logo\\\/image\\\/\",\"url\":\"https:\\\/\\\/www.plywaniedragon.pl\\\/wp-content\\\/uploads\\\/2023\\\/07\\\/cropped-cropped-cropped-cropped-cropped-cropped-plywanie_logo_bez_tla.png\",\"contentUrl\":\"https:\\\/\\\/www.plywaniedragon.pl\\\/wp-content\\\/uploads\\\/2023\\\/07\\\/cropped-cropped-cropped-cropped-cropped-cropped-plywanie_logo_bez_tla.png\",\"width\":512,\"height\":512,\"caption\":\"Akademia P\u0142ywania Dragon\"},\"image\":{\"@id\":\"https:\\\/\\\/www.plywaniedragon.pl\\\/#\\\/schema\\\/logo\\\/image\\\/\"},\"sameAs\":[\"https:\\\/\\\/www.facebook.com\\\/PlywanieDragon\",\"https:\\\/\\\/www.instagram.com\\\/plywaniedragon\\\/\"]}]}<\/script>\n<!-- \/ Yoast SEO plugin. -->","yoast_head_json":{"title":"P\u0142atno\u015b\u0107 Miesi\u0119czna - Pakiet Podstawowy Lato 2026 - Akademia P\u0142ywania Dragon - Szko\u0142a P\u0142ywania","description":"Nauka p\u0142ywania z Akademi\u0105 P\u0142ywania DragonOp\u0142a\u0107 udzia\u0142 w zaj\u0119ciach p\u0142ywackich w formie wygodnej miesi\u0119cznej raty! #rado\u015b\u0107 #pasja #satysfakcja","robots":{"index":"index","follow":"follow","max-snippet":"max-snippet:-1","max-image-preview":"max-image-preview:large","max-video-preview":"max-video-preview:-1"},"canonical":"https:\/\/www.plywaniedragon.pl\/index.php\/produkt\/platnosc-miesieczna-pakiet-podstawowy\/","og_locale":"pl_PL","og_type":"article","og_title":"P\u0142atno\u015b\u0107 Miesi\u0119czna - Pakiet Podstawowy Lato 2026 - Akademia P\u0142ywania Dragon - Szko\u0142a P\u0142ywania","og_description":"Nauka p\u0142ywania z Akademi\u0105 P\u0142ywania DragonOp\u0142a\u0107 udzia\u0142 w zaj\u0119ciach p\u0142ywackich w formie wygodnej miesi\u0119cznej raty! #rado\u015b\u0107 #pasja #satysfakcja","og_url":"https:\/\/www.plywaniedragon.pl\/index.php\/produkt\/platnosc-miesieczna-pakiet-podstawowy\/","og_site_name":"Akademia P\u0142ywania Dragon - Szko\u0142a P\u0142ywania","article_publisher":"https:\/\/www.facebook.com\/PlywanieDragon","article_modified_time":"2026-02-01T08:40:15+00:00","og_image":[{"width":1080,"height":1080,"url":"https:\/\/www.plywaniedragon.pl\/wp-content\/uploads\/2025\/10\/PAKIET-PODSTAWOWY.png","type":"image\/png"}],"twitter_card":"summary_large_image","twitter_misc":{"Szacowany czas czytania":"1 minuta"},"schema":{"@context":"https:\/\/schema.org","@graph":[{"@type":"WebPage","@id":"https:\/\/www.plywaniedragon.pl\/index.php\/produkt\/platnosc-miesieczna-pakiet-podstawowy\/","url":"https:\/\/www.plywaniedragon.pl\/index.php\/produkt\/platnosc-miesieczna-pakiet-podstawowy\/","name":"P\u0142atno\u015b\u0107 Miesi\u0119czna - Pakiet Podstawowy Lato 2026 - Akademia P\u0142ywania Dragon - Szko\u0142a P\u0142ywania","isPartOf":{"@id":"https:\/\/www.plywaniedragon.pl\/#website"},"primaryImageOfPage":{"@id":"https:\/\/www.plywaniedragon.pl\/index.php\/produkt\/platnosc-miesieczna-pakiet-podstawowy\/#primaryimage"},"image":{"@id":"https:\/\/www.plywaniedragon.pl\/index.php\/produkt\/platnosc-miesieczna-pakiet-podstawowy\/#primaryimage"},"thumbnailUrl":"https:\/\/www.plywaniedragon.pl\/wp-content\/uploads\/2025\/10\/PAKIET-PODSTAWOWY.png","datePublished":"2025-10-07T17:54:16+00:00","dateModified":"2026-02-01T08:40:15+00:00","description":"Nauka p\u0142ywania z Akademi\u0105 P\u0142ywania DragonOp\u0142a\u0107 udzia\u0142 w zaj\u0119ciach p\u0142ywackich w formie wygodnej miesi\u0119cznej raty! #rado\u015b\u0107 #pasja #satysfakcja","breadcrumb":{"@id":"https:\/\/www.plywaniedragon.pl\/index.php\/produkt\/platnosc-miesieczna-pakiet-podstawowy\/#breadcrumb"},"inLanguage":"pl-PL","potentialAction":[{"@type":"ReadAction","target":["https:\/\/www.plywaniedragon.pl\/index.php\/produkt\/platnosc-miesieczna-pakiet-podstawowy\/"]}]},{"@type":"ImageObject","inLanguage":"pl-PL","@id":"https:\/\/www.plywaniedragon.pl\/index.php\/produkt\/platnosc-miesieczna-pakiet-podstawowy\/#primaryimage","url":"https:\/\/www.plywaniedragon.pl\/wp-content\/uploads\/2025\/10\/PAKIET-PODSTAWOWY.png","contentUrl":"https:\/\/www.plywaniedragon.pl\/wp-content\/uploads\/2025\/10\/PAKIET-PODSTAWOWY.png","width":1080,"height":1080},{"@type":"BreadcrumbList","@id":"https:\/\/www.plywaniedragon.pl\/index.php\/produkt\/platnosc-miesieczna-pakiet-podstawowy\/#breadcrumb","itemListElement":[{"@type":"ListItem","position":1,"name":"Strona g\u0142\u00f3wna","item":"https:\/\/www.plywaniedragon.pl\/"},{"@type":"ListItem","position":2,"name":"P\u0142atno\u015bci","item":"https:\/\/www.plywaniedragon.pl\/index.php\/sklep\/"},{"@type":"ListItem","position":3,"name":"P\u0142atno\u015b\u0107 Miesi\u0119czna &#8211; Pakiet Podstawowy Lato 2026"}]},{"@type":"WebSite","@id":"https:\/\/www.plywaniedragon.pl\/#website","url":"https:\/\/www.plywaniedragon.pl\/","name":"Akademia P\u0142ywania Dragon","description":"Szko\u0142\u0105 P\u0142ywania - Akademia P\u0142ywania Dragon - Nauka P\u0142ywania na najwy\u017cszym poziomie","publisher":{"@id":"https:\/\/www.plywaniedragon.pl\/#organization"},"potentialAction":[{"@type":"SearchAction","target":{"@type":"EntryPoint","urlTemplate":"https:\/\/www.plywaniedragon.pl\/?s={search_term_string}"},"query-input":{"@type":"PropertyValueSpecification","valueRequired":true,"valueName":"search_term_string"}}],"inLanguage":"pl-PL"},{"@type":"Organization","@id":"https:\/\/www.plywaniedragon.pl\/#organization","name":"Akademia P\u0142ywania Dragon","url":"https:\/\/www.plywaniedragon.pl\/","logo":{"@type":"ImageObject","inLanguage":"pl-PL","@id":"https:\/\/www.plywaniedragon.pl\/#\/schema\/logo\/image\/","url":"https:\/\/www.plywaniedragon.pl\/wp-content\/uploads\/2023\/07\/cropped-cropped-cropped-cropped-cropped-cropped-plywanie_logo_bez_tla.png","contentUrl":"https:\/\/www.plywaniedragon.pl\/wp-content\/uploads\/2023\/07\/cropped-cropped-cropped-cropped-cropped-cropped-plywanie_logo_bez_tla.png","width":512,"height":512,"caption":"Akademia P\u0142ywania Dragon"},"image":{"@id":"https:\/\/www.plywaniedragon.pl\/#\/schema\/logo\/image\/"},"sameAs":["https:\/\/www.facebook.com\/PlywanieDragon","https:\/\/www.instagram.com\/plywaniedragon\/"]}]}},"_links":{"self":[{"href":"https:\/\/www.plywaniedragon.pl\/index.php\/wp-json\/wp\/v2\/product\/1323","targetHints":{"allow":["GET"]}}],"collection":[{"href":"https:\/\/www.plywaniedragon.pl\/index.php\/wp-json\/wp\/v2\/product"}],"about":[{"href":"https:\/\/www.plywaniedragon.pl\/index.php\/wp-json\/wp\/v2\/types\/product"}],"replies":[{"embeddable":true,"href":"https:\/\/www.plywaniedragon.pl\/index.php\/wp-json\/wp\/v2\/comments?post=1323"}],"wp:featuredmedia":[{"embeddable":true,"href":"https:\/\/www.plywaniedragon.pl\/index.php\/wp-json\/wp\/v2\/media\/1569"}],"wp:attachment":[{"href":"https:\/\/www.plywaniedragon.pl\/index.php\/wp-json\/wp\/v2\/media?parent=1323"}],"wp:term":[{"taxonomy":"product_brand","embeddable":true,"href":"https:\/\/www.plywaniedragon.pl\/index.php\/wp-json\/wp\/v2\/product_brand?post=1323"},{"taxonomy":"product_cat","embeddable":true,"href":"https:\/\/www.plywaniedragon.pl\/index.php\/wp-json\/wp\/v2\/product_cat?post=1323"},{"taxonomy":"product_tag","embeddable":true,"href":"https:\/\/www.plywaniedragon.pl\/index.php\/wp-json\/wp\/v2\/product_tag?post=1323"}],"curies":[{"name":"wp","href":"https:\/\/api.w.org\/{rel}","templated":true}]}}