{"id":774,"date":"2023-11-22T15:48:09","date_gmt":"2023-11-22T15:48:09","guid":{"rendered":"https:\/\/www.plywaniedragon.pl\/?page_id=774"},"modified":"2025-02-12T13:46:03","modified_gmt":"2025-02-12T13:46:03","slug":"aktualnosci","status":"publish","type":"page","link":"https:\/\/www.plywaniedragon.pl\/index.php\/aktualnosci\/","title":{"rendered":"Aktualno\u015bci"},"content":{"rendered":"\n<p class=\"has-text-align-center\"><strong>Poni\u017cej znajd\u0105 pa\u0144stwo aktualne wiadomo\u015bci i nowo\u015bci w <a href=\"https:\/\/www.facebook.com\/PlywanieDragon\">Akademii P\u0142ywania Dragon<\/a>:<\/strong><\/p>\n\n\n\n<hr class=\"wp-block-separator has-alpha-channel-opacity\"\/>\n\n\n<ul class=\"wp-block-latest-posts__list wp-block-latest-posts\"><li><a class=\"wp-block-latest-posts__post-title\" href=\"https:\/\/www.plywaniedragon.pl\/index.php\/2025\/02\/12\/zajecia-odwolane-12-02-2025\/\">Zaj\u0119cia Odwo\u0142ane &#8211; 12.02.2025<\/a><\/li>\n<li><a class=\"wp-block-latest-posts__post-title\" href=\"https:\/\/www.plywaniedragon.pl\/index.php\/2025\/02\/01\/zapisy-lato-2k25\/\">Zapisy Lato 2K25<\/a><\/li>\n<li><a class=\"wp-block-latest-posts__post-title\" href=\"https:\/\/www.plywaniedragon.pl\/index.php\/2025\/01\/04\/zajecia-odwolane-03-01-06-01-2025\/\">Zaj\u0119cia odwo\u0142ane 03.01 &#8211; 06.01.2025<\/a><\/li>\n<li><a class=\"wp-block-latest-posts__post-title\" href=\"https:\/\/www.plywaniedragon.pl\/index.php\/2024\/08\/01\/zapisy-zima-2024-25\/\">Zapisy ZIMA 2024\/25<\/a><\/li>\n<li><a class=\"wp-block-latest-posts__post-title\" href=\"https:\/\/www.plywaniedragon.pl\/index.php\/2023\/11\/22\/polkolonie-z-dragonem-zima-2k23\/\">P\u00f3\u0142kolonie z Dragonem Zima 2k23<\/a><\/li>\n<\/ul>\n\n\n<hr class=\"wp-block-separator has-alpha-channel-opacity\"\/>\n\n\n\n<div class=\"wp-block-buttons is-content-justification-center is-layout-flex wp-container-core-buttons-is-layout-16018d1d wp-block-buttons-is-layout-flex\">\n<div class=\"wp-block-button\"><a class=\"wp-block-button__link has-text-align-center wp-element-button\" href=\"https:\/\/www.plywaniedragon.pl\">ZAPISY<\/a><\/div>\n<\/div>\n\n\n\n<hr class=\"wp-block-separator has-alpha-channel-opacity\"\/>\n\n\n<div class=\"wp-block-image\">\n<figure class=\"aligncenter size-large is-resized\"><img loading=\"lazy\" decoding=\"async\" width=\"1024\" height=\"1024\" src=\"https:\/\/www.plywaniedragon.pl\/wp-content\/uploads\/2023\/11\/plywanie_logo_bez_tla-1024x1024.png\" alt=\"Logo Akademia P\u0142ywania Dragon - nowo\u015bci\" class=\"wp-image-815\" style=\"width:122px;height:auto\" srcset=\"https:\/\/www.plywaniedragon.pl\/wp-content\/uploads\/2023\/11\/plywanie_logo_bez_tla-1024x1024.png 1024w, https:\/\/www.plywaniedragon.pl\/wp-content\/uploads\/2023\/11\/plywanie_logo_bez_tla-300x300.png 300w, https:\/\/www.plywaniedragon.pl\/wp-content\/uploads\/2023\/11\/plywanie_logo_bez_tla-150x150.png 150w, https:\/\/www.plywaniedragon.pl\/wp-content\/uploads\/2023\/11\/plywanie_logo_bez_tla-768x768.png 768w, https:\/\/www.plywaniedragon.pl\/wp-content\/uploads\/2023\/11\/plywanie_logo_bez_tla-200x200.png 200w, https:\/\/www.plywaniedragon.pl\/wp-content\/uploads\/2023\/11\/plywanie_logo_bez_tla.png 1200w\" sizes=\"auto, (max-width: 1024px) 100vw, 1024px\" \/><\/figure><\/div>\n\n\n<p class=\"has-text-align-center has-white-color has-text-color has-link-color wp-elements-e75cd93d6f8c2170d50fdcd090554331\" style=\"font-size:1px\">Witaj w Akademii P\u0142ywania Dragon \u2013 miejscu, gdzie z pewno\u015bci\u0105 nauka p\u0142ywania staje si\u0119 pasj\u0105! <br>Nasza szko\u0142a p\u0142ywania mie\u015bci si\u0119 w Gdyni (<a href=\"http:\/\/basenkarwiny.zsp2.gdynia.pl\">basen Karwiny<\/a> i<a href=\"http:\/\/www.relaxcenter.pl\"> basen hotelu Mercure Gdynia<\/a>) oraz <a href=\"https:\/\/kosakowosport.pl\/centrum-sportowe\/\">Kosakowie w Centrum Sportowym Kosakowo<\/a>, oferuj\u0105c kompleksowe i profesjonalne zaj\u0119cia dla wszystkich grup wiekowych.<br>Chcesz swobodnie porusza\u0107 si\u0119 w wodzie? <br>Szukasz szko\u0142y p\u0142ywania, w kt\u00f3rej Twoje dziecko nie tylko nauczy si\u0119 p\u0142ywa\u0107, ale i b\u0119dzie si\u0119 \u015bwietnie bawi\u0107?<br>Chcesz rozwija\u0107 umiej\u0119tno\u015bci p\u0142ywackie w bezpiecznej i przyjaznej atmosferze?<br> Do\u0142\u0105cz do naszej Akademii i odkryj rado\u015b\u0107 p\u0142yn\u0105c\u0105 z p\u0142ywania!<\/p>\n\n\n\n<p class=\"has-text-align-center has-white-color has-text-color has-link-color wp-elements-9f7a0af52e4b3d9979c18b0cb1099cb1\" style=\"font-size:1px\">Bez w\u0105tpienia zapewniamy wysoko wykwalifikowan\u0105 kadr\u0119 instruktor\u00f3w i trener\u00f3w, kt\u00f3rzy z pasj\u0105 dziel\u0105 si\u0119 swoj\u0105 wiedz\u0105. <br>Nasze zaj\u0119cia skierowane s\u0105 zar\u00f3wno do pocz\u0105tkuj\u0105cych, jak i zaawansowanych p\u0142ywak\u00f3w.<br> Dzi\u0119ki indywidualnemu podej\u015bciu  ka\u017cdy uczestnik ma szans\u0119 rozwija\u0107 umiej\u0119tno\u015bci w swoim tempie.<\/p>\n\n\n\n<h6 class=\"wp-block-heading has-text-align-center has-white-color has-text-color has-link-color wp-elements-e6a076ad97e5fc754a53a17cbb52cdd0\" style=\"font-size:1px\">Witaj<\/h6>\n\n\n\n<p class=\"has-text-align-center has-white-color has-text-color has-link-color wp-elements-7626df7a37f4bc63a51a182713806c49\" style=\"font-size:1px\">Zapisz si\u0119 ju\u017c dzi\u015b na bezp\u0142atn\u0105 lekcj\u0119 pr\u00f3bn\u0105 i sprawd\u017a nas! <\/p>\n\n\n\n<p class=\"has-text-align-center has-white-color has-text-color has-link-color wp-elements-62b53d73941e46645d86b14af5306e21\" style=\"font-size:1px\">Witaj w Akademii P\u0142ywania Dragon \u2013 miejscu, gdzie z pewno\u015bci\u0105 nauka p\u0142ywania staje si\u0119 pasj\u0105! <br>Nasza szko\u0142a p\u0142ywania mie\u015bci si\u0119 w Gdyni (<a href=\"http:\/\/basenkarwiny.zsp2.gdynia.pl\">basen Karwiny<\/a> i<a href=\"http:\/\/www.relaxcenter.pl\"> basen hotelu Mercure Gdynia<\/a>) oraz <a href=\"https:\/\/kosakowosport.pl\/centrum-sportowe\/\">Kosakowie w Centrum Sportowym Kosakowo<\/a>, oferuj\u0105c kompleksowe i profesjonalne zaj\u0119cia dla wszystkich grup wiekowych.<br>Chcesz swobodnie porusza\u0107 si\u0119 w wodzie? <br>Szukasz szko\u0142y p\u0142ywania, w kt\u00f3rej Twoje dziecko nie tylko nauczy si\u0119 p\u0142ywa\u0107, ale i b\u0119dzie si\u0119 \u015bwietnie bawi\u0107?<br>Chcesz rozwija\u0107 umiej\u0119tno\u015bci p\u0142ywackie w bezpiecznej i przyjaznej atmosferze?<br> Do\u0142\u0105cz do naszej Akademii i odkryj rado\u015b\u0107 p\u0142yn\u0105c\u0105 z p\u0142ywania!<\/p>\n\n\n\n<p class=\"has-text-align-center has-white-color has-text-color has-link-color wp-elements-637a45b825ddad8104fdc8f5e1dd08f6\" style=\"font-size:1px\">Bez w\u0105tpienia zapewniamy wysoko wykwalifikowan\u0105 kadr\u0119 instruktor\u00f3w i trener\u00f3w, kt\u00f3rzy z pasj\u0105 dziel\u0105 si\u0119 swoj\u0105 wiedz\u0105. <br>Nasze zaj\u0119cia skierowane s\u0105 zar\u00f3wno do pocz\u0105tkuj\u0105cych, jak i zaawansowanych p\u0142ywak\u00f3w.<br> Dzi\u0119ki indywidualnemu podej\u015bciu  ka\u017cdy uczestnik ma szans\u0119 rozwija\u0107 umiej\u0119tno\u015bci w swoim tempie.<\/p>\n\n\n\n<p class=\"has-text-align-center has-white-color has-text-color has-link-color wp-elements-7626df7a37f4bc63a51a182713806c49\" style=\"font-size:1px\">Zapisz si\u0119 ju\u017c dzi\u015b na bezp\u0142atn\u0105 lekcj\u0119 pr\u00f3bn\u0105 i sprawd\u017a nas! <\/p>\n","protected":false},"excerpt":{"rendered":"<p>Poni\u017cej znajd\u0105 pa\u0144stwo aktualne wiadomo\u015bci i nowo\u015bci w Akademii P\u0142ywania Dragon: Witaj w Akademii P\u0142ywania Dragon \u2013 miejscu, gdzie z pewno\u015bci\u0105 nauka p\u0142ywania staje si\u0119&hellip;<\/p>\n","protected":false},"author":2,"featured_media":0,"parent":0,"menu_order":0,"comment_status":"closed","ping_status":"closed","template":"","meta":{"footnotes":""},"class_list":["post-774","page","type-page","status-publish","hentry"],"yoast_head":"<!-- This site is optimized with the Yoast SEO plugin v27.4 - https:\/\/yoast.com\/product\/yoast-seo-wordpress\/ -->\n<title>Aktualno\u015bci - Akademia P\u0142ywania Dragon - Szko\u0142a P\u0142ywania<\/title>\n<meta name=\"description\" content=\"W tym miejscu znajd\u0105 Pa\u0144stwo nowo\u015bci w Akademii P\u0142ywania Dragon. Nauka p\u0142ywania w Gdyni. Nauka p\u0142ywania w Kosakowie.\" \/>\n<meta name=\"robots\" content=\"index, follow, max-snippet:-1, max-image-preview:large, max-video-preview:-1\" \/>\n<link rel=\"canonical\" href=\"https:\/\/www.plywaniedragon.pl\/index.php\/aktualnosci\/\" \/>\n<meta property=\"og:locale\" content=\"pl_PL\" \/>\n<meta property=\"og:type\" content=\"article\" \/>\n<meta property=\"og:title\" content=\"Aktualno\u015bci - Akademia P\u0142ywania Dragon - Szko\u0142a P\u0142ywania\" \/>\n<meta property=\"og:description\" content=\"W tym miejscu znajd\u0105 Pa\u0144stwo nowo\u015bci w Akademii P\u0142ywania Dragon. Nauka p\u0142ywania w Gdyni. Nauka p\u0142ywania w Kosakowie.\" \/>\n<meta property=\"og:url\" content=\"https:\/\/www.plywaniedragon.pl\/index.php\/aktualnosci\/\" \/>\n<meta property=\"og:site_name\" content=\"Akademia P\u0142ywania Dragon - Szko\u0142a P\u0142ywania\" \/>\n<meta property=\"article:publisher\" content=\"https:\/\/www.facebook.com\/PlywanieDragon\" \/>\n<meta property=\"article:modified_time\" content=\"2025-02-12T13:46:03+00:00\" \/>\n<meta property=\"og:image\" content=\"https:\/\/www.plywaniedragon.pl\/wp-content\/uploads\/2023\/11\/plywanie_logo_bez_tla-1024x1024.png\" \/>\n<meta name=\"twitter:card\" content=\"summary_large_image\" \/>\n<meta name=\"twitter:label1\" content=\"Szacowany czas czytania\" \/>\n\t<meta name=\"twitter:data1\" content=\"2 minuty\" \/>\n<script type=\"application\/ld+json\" class=\"yoast-schema-graph\">{\"@context\":\"https:\\\/\\\/schema.org\",\"@graph\":[{\"@type\":\"WebPage\",\"@id\":\"https:\\\/\\\/www.plywaniedragon.pl\\\/index.php\\\/aktualnosci\\\/\",\"url\":\"https:\\\/\\\/www.plywaniedragon.pl\\\/index.php\\\/aktualnosci\\\/\",\"name\":\"Aktualno\u015bci - Akademia P\u0142ywania Dragon - Szko\u0142a P\u0142ywania\",\"isPartOf\":{\"@id\":\"https:\\\/\\\/www.plywaniedragon.pl\\\/#website\"},\"primaryImageOfPage\":{\"@id\":\"https:\\\/\\\/www.plywaniedragon.pl\\\/index.php\\\/aktualnosci\\\/#primaryimage\"},\"image\":{\"@id\":\"https:\\\/\\\/www.plywaniedragon.pl\\\/index.php\\\/aktualnosci\\\/#primaryimage\"},\"thumbnailUrl\":\"https:\\\/\\\/www.plywaniedragon.pl\\\/wp-content\\\/uploads\\\/2023\\\/11\\\/plywanie_logo_bez_tla-1024x1024.png\",\"datePublished\":\"2023-11-22T15:48:09+00:00\",\"dateModified\":\"2025-02-12T13:46:03+00:00\",\"description\":\"W tym miejscu znajd\u0105 Pa\u0144stwo nowo\u015bci w Akademii P\u0142ywania Dragon. Nauka p\u0142ywania w Gdyni. Nauka p\u0142ywania w Kosakowie.\",\"breadcrumb\":{\"@id\":\"https:\\\/\\\/www.plywaniedragon.pl\\\/index.php\\\/aktualnosci\\\/#breadcrumb\"},\"inLanguage\":\"pl-PL\",\"potentialAction\":[{\"@type\":\"ReadAction\",\"target\":[\"https:\\\/\\\/www.plywaniedragon.pl\\\/index.php\\\/aktualnosci\\\/\"]}]},{\"@type\":\"ImageObject\",\"inLanguage\":\"pl-PL\",\"@id\":\"https:\\\/\\\/www.plywaniedragon.pl\\\/index.php\\\/aktualnosci\\\/#primaryimage\",\"url\":\"https:\\\/\\\/www.plywaniedragon.pl\\\/wp-content\\\/uploads\\\/2023\\\/11\\\/plywanie_logo_bez_tla.png\",\"contentUrl\":\"https:\\\/\\\/www.plywaniedragon.pl\\\/wp-content\\\/uploads\\\/2023\\\/11\\\/plywanie_logo_bez_tla.png\",\"width\":1200,\"height\":1200},{\"@type\":\"BreadcrumbList\",\"@id\":\"https:\\\/\\\/www.plywaniedragon.pl\\\/index.php\\\/aktualnosci\\\/#breadcrumb\",\"itemListElement\":[{\"@type\":\"ListItem\",\"position\":1,\"name\":\"Strona g\u0142\u00f3wna\",\"item\":\"https:\\\/\\\/www.plywaniedragon.pl\\\/\"},{\"@type\":\"ListItem\",\"position\":2,\"name\":\"Aktualno\u015bci\"}]},{\"@type\":\"WebSite\",\"@id\":\"https:\\\/\\\/www.plywaniedragon.pl\\\/#website\",\"url\":\"https:\\\/\\\/www.plywaniedragon.pl\\\/\",\"name\":\"Akademia P\u0142ywania Dragon\",\"description\":\"Szko\u0142\u0105 P\u0142ywania - Akademia P\u0142ywania Dragon - Nauka P\u0142ywania na najwy\u017cszym poziomie\",\"publisher\":{\"@id\":\"https:\\\/\\\/www.plywaniedragon.pl\\\/#organization\"},\"potentialAction\":[{\"@type\":\"SearchAction\",\"target\":{\"@type\":\"EntryPoint\",\"urlTemplate\":\"https:\\\/\\\/www.plywaniedragon.pl\\\/?s={search_term_string}\"},\"query-input\":{\"@type\":\"PropertyValueSpecification\",\"valueRequired\":true,\"valueName\":\"search_term_string\"}}],\"inLanguage\":\"pl-PL\"},{\"@type\":\"Organization\",\"@id\":\"https:\\\/\\\/www.plywaniedragon.pl\\\/#organization\",\"name\":\"Akademia P\u0142ywania Dragon\",\"url\":\"https:\\\/\\\/www.plywaniedragon.pl\\\/\",\"logo\":{\"@type\":\"ImageObject\",\"inLanguage\":\"pl-PL\",\"@id\":\"https:\\\/\\\/www.plywaniedragon.pl\\\/#\\\/schema\\\/logo\\\/image\\\/\",\"url\":\"https:\\\/\\\/www.plywaniedragon.pl\\\/wp-content\\\/uploads\\\/2023\\\/07\\\/cropped-cropped-cropped-cropped-cropped-cropped-plywanie_logo_bez_tla.png\",\"contentUrl\":\"https:\\\/\\\/www.plywaniedragon.pl\\\/wp-content\\\/uploads\\\/2023\\\/07\\\/cropped-cropped-cropped-cropped-cropped-cropped-plywanie_logo_bez_tla.png\",\"width\":512,\"height\":512,\"caption\":\"Akademia P\u0142ywania Dragon\"},\"image\":{\"@id\":\"https:\\\/\\\/www.plywaniedragon.pl\\\/#\\\/schema\\\/logo\\\/image\\\/\"},\"sameAs\":[\"https:\\\/\\\/www.facebook.com\\\/PlywanieDragon\",\"https:\\\/\\\/www.instagram.com\\\/plywaniedragon\\\/\"]}]}<\/script>\n<!-- \/ Yoast SEO plugin. -->","yoast_head_json":{"title":"Aktualno\u015bci - Akademia P\u0142ywania Dragon - Szko\u0142a P\u0142ywania","description":"W tym miejscu znajd\u0105 Pa\u0144stwo nowo\u015bci w Akademii P\u0142ywania Dragon. Nauka p\u0142ywania w Gdyni. Nauka p\u0142ywania w Kosakowie.","robots":{"index":"index","follow":"follow","max-snippet":"max-snippet:-1","max-image-preview":"max-image-preview:large","max-video-preview":"max-video-preview:-1"},"canonical":"https:\/\/www.plywaniedragon.pl\/index.php\/aktualnosci\/","og_locale":"pl_PL","og_type":"article","og_title":"Aktualno\u015bci - Akademia P\u0142ywania Dragon - Szko\u0142a P\u0142ywania","og_description":"W tym miejscu znajd\u0105 Pa\u0144stwo nowo\u015bci w Akademii P\u0142ywania Dragon. Nauka p\u0142ywania w Gdyni. Nauka p\u0142ywania w Kosakowie.","og_url":"https:\/\/www.plywaniedragon.pl\/index.php\/aktualnosci\/","og_site_name":"Akademia P\u0142ywania Dragon - Szko\u0142a P\u0142ywania","article_publisher":"https:\/\/www.facebook.com\/PlywanieDragon","article_modified_time":"2025-02-12T13:46:03+00:00","og_image":[{"url":"https:\/\/www.plywaniedragon.pl\/wp-content\/uploads\/2023\/11\/plywanie_logo_bez_tla-1024x1024.png","type":"","width":"","height":""}],"twitter_card":"summary_large_image","twitter_misc":{"Szacowany czas czytania":"2 minuty"},"schema":{"@context":"https:\/\/schema.org","@graph":[{"@type":"WebPage","@id":"https:\/\/www.plywaniedragon.pl\/index.php\/aktualnosci\/","url":"https:\/\/www.plywaniedragon.pl\/index.php\/aktualnosci\/","name":"Aktualno\u015bci - Akademia P\u0142ywania Dragon - Szko\u0142a P\u0142ywania","isPartOf":{"@id":"https:\/\/www.plywaniedragon.pl\/#website"},"primaryImageOfPage":{"@id":"https:\/\/www.plywaniedragon.pl\/index.php\/aktualnosci\/#primaryimage"},"image":{"@id":"https:\/\/www.plywaniedragon.pl\/index.php\/aktualnosci\/#primaryimage"},"thumbnailUrl":"https:\/\/www.plywaniedragon.pl\/wp-content\/uploads\/2023\/11\/plywanie_logo_bez_tla-1024x1024.png","datePublished":"2023-11-22T15:48:09+00:00","dateModified":"2025-02-12T13:46:03+00:00","description":"W tym miejscu znajd\u0105 Pa\u0144stwo nowo\u015bci w Akademii P\u0142ywania Dragon. Nauka p\u0142ywania w Gdyni. Nauka p\u0142ywania w Kosakowie.","breadcrumb":{"@id":"https:\/\/www.plywaniedragon.pl\/index.php\/aktualnosci\/#breadcrumb"},"inLanguage":"pl-PL","potentialAction":[{"@type":"ReadAction","target":["https:\/\/www.plywaniedragon.pl\/index.php\/aktualnosci\/"]}]},{"@type":"ImageObject","inLanguage":"pl-PL","@id":"https:\/\/www.plywaniedragon.pl\/index.php\/aktualnosci\/#primaryimage","url":"https:\/\/www.plywaniedragon.pl\/wp-content\/uploads\/2023\/11\/plywanie_logo_bez_tla.png","contentUrl":"https:\/\/www.plywaniedragon.pl\/wp-content\/uploads\/2023\/11\/plywanie_logo_bez_tla.png","width":1200,"height":1200},{"@type":"BreadcrumbList","@id":"https:\/\/www.plywaniedragon.pl\/index.php\/aktualnosci\/#breadcrumb","itemListElement":[{"@type":"ListItem","position":1,"name":"Strona g\u0142\u00f3wna","item":"https:\/\/www.plywaniedragon.pl\/"},{"@type":"ListItem","position":2,"name":"Aktualno\u015bci"}]},{"@type":"WebSite","@id":"https:\/\/www.plywaniedragon.pl\/#website","url":"https:\/\/www.plywaniedragon.pl\/","name":"Akademia P\u0142ywania Dragon","description":"Szko\u0142\u0105 P\u0142ywania - Akademia P\u0142ywania Dragon - Nauka P\u0142ywania na najwy\u017cszym poziomie","publisher":{"@id":"https:\/\/www.plywaniedragon.pl\/#organization"},"potentialAction":[{"@type":"SearchAction","target":{"@type":"EntryPoint","urlTemplate":"https:\/\/www.plywaniedragon.pl\/?s={search_term_string}"},"query-input":{"@type":"PropertyValueSpecification","valueRequired":true,"valueName":"search_term_string"}}],"inLanguage":"pl-PL"},{"@type":"Organization","@id":"https:\/\/www.plywaniedragon.pl\/#organization","name":"Akademia P\u0142ywania Dragon","url":"https:\/\/www.plywaniedragon.pl\/","logo":{"@type":"ImageObject","inLanguage":"pl-PL","@id":"https:\/\/www.plywaniedragon.pl\/#\/schema\/logo\/image\/","url":"https:\/\/www.plywaniedragon.pl\/wp-content\/uploads\/2023\/07\/cropped-cropped-cropped-cropped-cropped-cropped-plywanie_logo_bez_tla.png","contentUrl":"https:\/\/www.plywaniedragon.pl\/wp-content\/uploads\/2023\/07\/cropped-cropped-cropped-cropped-cropped-cropped-plywanie_logo_bez_tla.png","width":512,"height":512,"caption":"Akademia P\u0142ywania Dragon"},"image":{"@id":"https:\/\/www.plywaniedragon.pl\/#\/schema\/logo\/image\/"},"sameAs":["https:\/\/www.facebook.com\/PlywanieDragon","https:\/\/www.instagram.com\/plywaniedragon\/"]}]}},"_links":{"self":[{"href":"https:\/\/www.plywaniedragon.pl\/index.php\/wp-json\/wp\/v2\/pages\/774","targetHints":{"allow":["GET"]}}],"collection":[{"href":"https:\/\/www.plywaniedragon.pl\/index.php\/wp-json\/wp\/v2\/pages"}],"about":[{"href":"https:\/\/www.plywaniedragon.pl\/index.php\/wp-json\/wp\/v2\/types\/page"}],"author":[{"embeddable":true,"href":"https:\/\/www.plywaniedragon.pl\/index.php\/wp-json\/wp\/v2\/users\/2"}],"replies":[{"embeddable":true,"href":"https:\/\/www.plywaniedragon.pl\/index.php\/wp-json\/wp\/v2\/comments?post=774"}],"version-history":[{"count":5,"href":"https:\/\/www.plywaniedragon.pl\/index.php\/wp-json\/wp\/v2\/pages\/774\/revisions"}],"predecessor-version":[{"id":966,"href":"https:\/\/www.plywaniedragon.pl\/index.php\/wp-json\/wp\/v2\/pages\/774\/revisions\/966"}],"wp:attachment":[{"href":"https:\/\/www.plywaniedragon.pl\/index.php\/wp-json\/wp\/v2\/media?parent=774"}],"curies":[{"name":"wp","href":"https:\/\/api.w.org\/{rel}","templated":true}]}}