{"id":252,"date":"2023-07-29T15:26:49","date_gmt":"2023-07-29T15:26:49","guid":{"rendered":"http:\/\/www.plywaniedragon.pl\/?page_id=252"},"modified":"2026-02-01T08:19:37","modified_gmt":"2026-02-01T08:19:37","slug":"do-pobrania","status":"publish","type":"page","link":"https:\/\/www.plywaniedragon.pl\/index.php\/do-pobrania\/","title":{"rendered":"Dokumenty"},"content":{"rendered":"\n<h2 class=\"wp-block-heading has-text-align-center\">Dokumenty do pobrania<\/h2>\n\n\n\n<p class=\"has-text-align-center\">W tym miejscu znajd\u0105 Pa\u0144stwo wszystkie dokumenty obowi\u0105zuj\u0105ce w klubie gotowe do pobrania.<\/p>\n\n\n\n<hr class=\"wp-block-separator has-alpha-channel-opacity\"\/>\n\n\n\n<div class=\"wp-block-file\"><a id=\"wp-block-file--media-7e567b04-09e1-486b-857c-439a1f58751f\" href=\"https:\/\/www.plywaniedragon.pl\/wp-content\/uploads\/2026\/02\/Harmonogram-Lato-2026.pdf\">Harmonogram Lato 2026<\/a><a href=\"https:\/\/www.plywaniedragon.pl\/wp-content\/uploads\/2026\/02\/Harmonogram-Lato-2026.pdf\" class=\"wp-block-file__button wp-element-button\" download aria-describedby=\"wp-block-file--media-7e567b04-09e1-486b-857c-439a1f58751f\">Pobierz<\/a><\/div>\n\n\n\n<hr class=\"wp-block-separator has-alpha-channel-opacity\"\/>\n\n\n\n<p class=\"has-text-align-center\"><strong>Nowi cz\u0142onkowie: <\/strong>Prosimy o wype\u0142nienie i dostarczenie orygina\u0142u ca\u0142ego dokumentu &#8222;Deklaracja Cz\u0142onkowska&#8221;<\/p>\n\n\n\n<p class=\"has-text-align-center\"><strong>Cz\u0142onkowie kontynuuj\u0105cy nauk\u0119: <\/strong>Prosimy o wype\u0142nienie i dostarczenie dokumentu &#8222;Deklaracja Kontynuacji&#8221;<\/p>\n\n\n\n<hr class=\"wp-block-separator has-alpha-channel-opacity\"\/>\n\n\n\n<div class=\"wp-block-file\"><a id=\"wp-block-file--media-c2b067cc-fafa-441d-90f2-40d4261422a6\" href=\"https:\/\/www.plywaniedragon.pl\/wp-content\/uploads\/2026\/02\/Szczegoly-platnosci-LATO-2K25-2.pdf\">Deklaracja Cz\u0142onkowska<\/a><a href=\"https:\/\/www.plywaniedragon.pl\/wp-content\/uploads\/2026\/02\/Szczegoly-platnosci-LATO-2K25-2.pdf\" class=\"wp-block-file__button wp-element-button\" download aria-describedby=\"wp-block-file--media-c2b067cc-fafa-441d-90f2-40d4261422a6\">Pobierz<\/a><\/div>\n\n\n\n<div class=\"wp-block-file\"><a id=\"wp-block-file--media-072b22d1-42d6-4302-8cb9-60330c7ff881\" href=\"https:\/\/www.plywaniedragon.pl\/wp-content\/uploads\/2026\/02\/Kontynuacja.pdf\">Deklaracja Kontynuacji<\/a><a href=\"https:\/\/www.plywaniedragon.pl\/wp-content\/uploads\/2026\/02\/Kontynuacja.pdf\" class=\"wp-block-file__button wp-element-button\" download aria-describedby=\"wp-block-file--media-072b22d1-42d6-4302-8cb9-60330c7ff881\">Pobierz<\/a><\/div>\n\n\n\n<hr class=\"wp-block-separator has-alpha-channel-opacity\"\/>\n\n\n\n<p class=\"has-text-align-center\"><strong>Poni\u017cej znajduj\u0105 si\u0119 pozosta\u0142e istotne dokumenty<\/strong>:<\/p>\n\n\n\n<hr class=\"wp-block-separator has-alpha-channel-opacity\"\/>\n\n\n\n<div class=\"wp-block-file\"><a id=\"wp-block-file--media-5ee686db-ad88-4b0b-935a-dfb79e08d760\" href=\"https:\/\/www.plywaniedragon.pl\/wp-content\/uploads\/2025\/07\/Regulamin-Wrzesien-2526.pdf\">Regulamin Wrzesie\u0144 25\/26<\/a><a href=\"https:\/\/www.plywaniedragon.pl\/wp-content\/uploads\/2025\/07\/Regulamin-Wrzesien-2526.pdf\" class=\"wp-block-file__button wp-element-button\" download aria-describedby=\"wp-block-file--media-5ee686db-ad88-4b0b-935a-dfb79e08d760\">Pobierz<\/a><\/div>\n\n\n\n<div class=\"wp-block-file\"><a id=\"wp-block-file--media-f46920d8-b54c-4161-a8df-832314e8afd0\" href=\"https:\/\/www.plywaniedragon.pl\/wp-content\/uploads\/2025\/07\/Harmonogram-Wrzesien-2526.pdf\">Harmonogram Wrzesie\u0144 25\/26<\/a><a href=\"https:\/\/www.plywaniedragon.pl\/wp-content\/uploads\/2025\/07\/Harmonogram-Wrzesien-2526.pdf\" class=\"wp-block-file__button wp-element-button\" download aria-describedby=\"wp-block-file--media-f46920d8-b54c-4161-a8df-832314e8afd0\">Pobierz<\/a><\/div>\n\n\n\n<div class=\"wp-block-file\"><a id=\"wp-block-file--media-708c5a09-ae61-4208-a777-343d58293e53\" href=\"https:\/\/www.plywaniedragon.pl\/wp-content\/uploads\/2023\/07\/Informator-Akademia-Plywania-Dragon-4.pdf\">Informator<\/a><a href=\"https:\/\/www.plywaniedragon.pl\/wp-content\/uploads\/2023\/07\/Informator-Akademia-Plywania-Dragon-4.pdf\" class=\"wp-block-file__button wp-element-button\" download aria-describedby=\"wp-block-file--media-708c5a09-ae61-4208-a777-343d58293e53\">Pobierz<\/a><\/div>\n\n\n\n<div class=\"wp-block-file\"><a id=\"wp-block-file--media-d169920a-2037-4457-abc6-a13417f83935\" href=\"https:\/\/www.plywaniedragon.pl\/wp-content\/uploads\/2023\/07\/6.Deklaracja-Rezygnacji-1.pdf\">Deklaracja Rezygnacji<\/a><a href=\"https:\/\/www.plywaniedragon.pl\/wp-content\/uploads\/2023\/07\/6.Deklaracja-Rezygnacji-1.pdf\" class=\"wp-block-file__button wp-element-button\" download aria-describedby=\"wp-block-file--media-d169920a-2037-4457-abc6-a13417f83935\">Pobierz<\/a><\/div>\n\n\n\n<div class=\"wp-block-file\"><a id=\"wp-block-file--media-7126e610-2fa7-4c16-a0a8-e48951db7f03\" href=\"https:\/\/www.plywaniedragon.pl\/wp-content\/uploads\/2025\/09\/Regulamin-swiadczenia-uslug-droga-elektroniczna.pdf\" target=\"_blank\" rel=\"noreferrer noopener\">Regulamin sklepu internetowego<\/a><a href=\"https:\/\/www.plywaniedragon.pl\/wp-content\/uploads\/2025\/09\/Regulamin-swiadczenia-uslug-droga-elektroniczna.pdf\" class=\"wp-block-file__button wp-element-button\" download aria-describedby=\"wp-block-file--media-7126e610-2fa7-4c16-a0a8-e48951db7f03\">Pobierz<\/a><\/div>\n\n\n\n<hr class=\"wp-block-separator has-alpha-channel-opacity\"\/>\n\n\n\n<div class=\"wp-block-buttons alignwide is-content-justification-center is-layout-flex wp-container-core-buttons-is-layout-16018d1d wp-block-buttons-is-layout-flex\">\n<div class=\"wp-block-button\"><a class=\"wp-block-button__link has-text-align-center wp-element-button\" href=\"https:\/\/akademiajudodragon.pl\/standardy-om\/\" target=\"_blank\" rel=\"noreferrer noopener\">Standardy OM<\/a><\/div>\n<\/div>\n\n\n\n<hr class=\"wp-block-separator has-alpha-channel-opacity\"\/>\n\n\n\n<div class=\"wp-block-buttons is-content-justification-center is-layout-flex wp-container-core-buttons-is-layout-16018d1d wp-block-buttons-is-layout-flex\">\n<div class=\"wp-block-button\"><a class=\"wp-block-button__link wp-element-button\" href=\"plywaniedragon.pl\">ZAPISY<\/a><\/div>\n<\/div>\n\n\n\n<hr class=\"wp-block-separator has-alpha-channel-opacity\"\/>\n\n\n<div class=\"wp-block-image\">\n<figure class=\"aligncenter size-large is-resized\"><img loading=\"lazy\" decoding=\"async\" width=\"1024\" height=\"1024\" src=\"https:\/\/www.plywaniedragon.pl\/wp-content\/uploads\/2023\/11\/plywanie_logo_bez_tla-1024x1024.png\" alt=\"Logo Akademia P\u0142ywania Dragon -do pobrania\" class=\"wp-image-815\" style=\"width:103px;height:auto\" srcset=\"https:\/\/www.plywaniedragon.pl\/wp-content\/uploads\/2023\/11\/plywanie_logo_bez_tla-1024x1024.png 1024w, https:\/\/www.plywaniedragon.pl\/wp-content\/uploads\/2023\/11\/plywanie_logo_bez_tla-300x300.png 300w, https:\/\/www.plywaniedragon.pl\/wp-content\/uploads\/2023\/11\/plywanie_logo_bez_tla-150x150.png 150w, https:\/\/www.plywaniedragon.pl\/wp-content\/uploads\/2023\/11\/plywanie_logo_bez_tla-768x768.png 768w, https:\/\/www.plywaniedragon.pl\/wp-content\/uploads\/2023\/11\/plywanie_logo_bez_tla-200x200.png 200w, https:\/\/www.plywaniedragon.pl\/wp-content\/uploads\/2023\/11\/plywanie_logo_bez_tla.png 1200w\" sizes=\"auto, (max-width: 1024px) 100vw, 1024px\" \/><\/figure><\/div>\n\n\n<ul class=\"wp-block-social-links alignright has-small-icon-size is-content-justification-space-between is-layout-flex wp-container-core-social-links-is-layout-3d213aab wp-block-social-links-is-layout-flex\"><li class=\"wp-social-link wp-social-link-facebook  wp-block-social-link\"><a href=\"https:\/\/www.facebook.com\/PlywanieDragon\" class=\"wp-block-social-link-anchor\"><svg width=\"24\" height=\"24\" viewBox=\"0 0 24 24\" version=\"1.1\" xmlns=\"http:\/\/www.w3.org\/2000\/svg\" aria-hidden=\"true\" focusable=\"false\"><path d=\"M12 2C6.5 2 2 6.5 2 12c0 5 3.7 9.1 8.4 9.9v-7H7.9V12h2.5V9.8c0-2.5 1.5-3.9 3.8-3.9 1.1 0 2.2.2 2.2.2v2.5h-1.3c-1.2 0-1.6.8-1.6 1.6V12h2.8l-.4 2.9h-2.3v7C18.3 21.1 22 17 22 12c0-5.5-4.5-10-10-10z\"><\/path><\/svg><span class=\"wp-block-social-link-label screen-reader-text\">Facebook<\/span><\/a><\/li>\n\n<li class=\"wp-social-link wp-social-link-instagram  wp-block-social-link\"><a href=\"https:\/\/www.instagram.com\/plywaniedragon\/\" class=\"wp-block-social-link-anchor\"><svg width=\"24\" height=\"24\" viewBox=\"0 0 24 24\" version=\"1.1\" xmlns=\"http:\/\/www.w3.org\/2000\/svg\" aria-hidden=\"true\" focusable=\"false\"><path d=\"M12,4.622c2.403,0,2.688,0.009,3.637,0.052c0.877,0.04,1.354,0.187,1.671,0.31c0.42,0.163,0.72,0.358,1.035,0.673 c0.315,0.315,0.51,0.615,0.673,1.035c0.123,0.317,0.27,0.794,0.31,1.671c0.043,0.949,0.052,1.234,0.052,3.637 s-0.009,2.688-0.052,3.637c-0.04,0.877-0.187,1.354-0.31,1.671c-0.163,0.42-0.358,0.72-0.673,1.035 c-0.315,0.315-0.615,0.51-1.035,0.673c-0.317,0.123-0.794,0.27-1.671,0.31c-0.949,0.043-1.233,0.052-3.637,0.052 s-2.688-0.009-3.637-0.052c-0.877-0.04-1.354-0.187-1.671-0.31c-0.42-0.163-0.72-0.358-1.035-0.673 c-0.315-0.315-0.51-0.615-0.673-1.035c-0.123-0.317-0.27-0.794-0.31-1.671C4.631,14.688,4.622,14.403,4.622,12 s0.009-2.688,0.052-3.637c0.04-0.877,0.187-1.354,0.31-1.671c0.163-0.42,0.358-0.72,0.673-1.035 c0.315-0.315,0.615-0.51,1.035-0.673c0.317-0.123,0.794-0.27,1.671-0.31C9.312,4.631,9.597,4.622,12,4.622 M12,3 C9.556,3,9.249,3.01,8.289,3.054C7.331,3.098,6.677,3.25,6.105,3.472C5.513,3.702,5.011,4.01,4.511,4.511 c-0.5,0.5-0.808,1.002-1.038,1.594C3.25,6.677,3.098,7.331,3.054,8.289C3.01,9.249,3,9.556,3,12c0,2.444,0.01,2.751,0.054,3.711 c0.044,0.958,0.196,1.612,0.418,2.185c0.23,0.592,0.538,1.094,1.038,1.594c0.5,0.5,1.002,0.808,1.594,1.038 c0.572,0.222,1.227,0.375,2.185,0.418C9.249,20.99,9.556,21,12,21s2.751-0.01,3.711-0.054c0.958-0.044,1.612-0.196,2.185-0.418 c0.592-0.23,1.094-0.538,1.594-1.038c0.5-0.5,0.808-1.002,1.038-1.594c0.222-0.572,0.375-1.227,0.418-2.185 C20.99,14.751,21,14.444,21,12s-0.01-2.751-0.054-3.711c-0.044-0.958-0.196-1.612-0.418-2.185c-0.23-0.592-0.538-1.094-1.038-1.594 c-0.5-0.5-1.002-0.808-1.594-1.038c-0.572-0.222-1.227-0.375-2.185-0.418C14.751,3.01,14.444,3,12,3L12,3z M12,7.378 c-2.552,0-4.622,2.069-4.622,4.622S9.448,16.622,12,16.622s4.622-2.069,4.622-4.622S14.552,7.378,12,7.378z M12,15 c-1.657,0-3-1.343-3-3s1.343-3,3-3s3,1.343,3,3S13.657,15,12,15z M16.804,6.116c-0.596,0-1.08,0.484-1.08,1.08 s0.484,1.08,1.08,1.08c0.596,0,1.08-0.484,1.08-1.08S17.401,6.116,16.804,6.116z\"><\/path><\/svg><span class=\"wp-block-social-link-label screen-reader-text\">Instagram<\/span><\/a><\/li>\n\n<li class=\"wp-social-link wp-social-link-google  wp-block-social-link\"><a href=\"https:\/\/g.page\/r\/CSG3XCIEy3JTEAI\/review\" class=\"wp-block-social-link-anchor\"><svg width=\"24\" height=\"24\" viewBox=\"0 0 24 24\" version=\"1.1\" xmlns=\"http:\/\/www.w3.org\/2000\/svg\" aria-hidden=\"true\" focusable=\"false\"><path d=\"M12.02,10.18v3.72v0.01h5.51c-0.26,1.57-1.67,4.22-5.5,4.22c-3.31,0-6.01-2.75-6.01-6.12s2.7-6.12,6.01-6.12 c1.87,0,3.13,0.8,3.85,1.48l2.84-2.76C16.99,2.99,14.73,2,12.03,2c-5.52,0-10,4.48-10,10s4.48,10,10,10c5.77,0,9.6-4.06,9.6-9.77 c0-0.83-0.11-1.42-0.25-2.05H12.02z\"><\/path><\/svg><span class=\"wp-block-social-link-label screen-reader-text\">Google<\/span><\/a><\/li><\/ul>\n\n\n\n<p class=\"has-text-align-center has-white-color has-text-color has-link-color wp-elements-62b53d73941e46645d86b14af5306e21\" style=\"font-size:1px\">Witaj w Akademii P\u0142ywania Dragon \u2013 miejscu, gdzie z pewno\u015bci\u0105 nauka p\u0142ywania staje si\u0119 pasj\u0105! <br>Nasza szko\u0142a p\u0142ywania mie\u015bci si\u0119 w Gdyni (<a href=\"http:\/\/basenkarwiny.zsp2.gdynia.pl\">basen Karwiny<\/a> i<a href=\"http:\/\/www.relaxcenter.pl\"> basen hotelu Mercure Gdynia<\/a>) oraz <a href=\"https:\/\/kosakowosport.pl\/centrum-sportowe\/\">Kosakowie w Centrum Sportowym Kosakowo<\/a>, oferuj\u0105c kompleksowe i profesjonalne zaj\u0119cia dla wszystkich grup wiekowych.<br>Chcesz swobodnie porusza\u0107 si\u0119 w wodzie? <br>Szukasz szko\u0142y p\u0142ywania, w kt\u00f3rej Twoje dziecko nie tylko nauczy si\u0119 p\u0142ywa\u0107, ale i b\u0119dzie si\u0119 \u015bwietnie bawi\u0107?<br>Chcesz rozwija\u0107 umiej\u0119tno\u015bci p\u0142ywackie w bezpiecznej i przyjaznej atmosferze?<br> Do\u0142\u0105cz do naszej Akademii i odkryj rado\u015b\u0107 p\u0142yn\u0105c\u0105 z p\u0142ywania!<\/p>\n\n\n\n<p class=\"has-text-align-center has-white-color has-text-color has-link-color wp-elements-637a45b825ddad8104fdc8f5e1dd08f6\" style=\"font-size:1px\">Bez w\u0105tpienia zapewniamy wysoko wykwalifikowan\u0105 kadr\u0119 instruktor\u00f3w i trener\u00f3w, kt\u00f3rzy z pasj\u0105 dziel\u0105 si\u0119 swoj\u0105 wiedz\u0105. <br>Nasze zaj\u0119cia skierowane s\u0105 zar\u00f3wno do pocz\u0105tkuj\u0105cych, jak i zaawansowanych p\u0142ywak\u00f3w.<br> Dzi\u0119ki indywidualnemu podej\u015bciu  ka\u017cdy uczestnik ma szans\u0119 rozwija\u0107 umiej\u0119tno\u015bci w swoim tempie.<\/p>\n\n\n\n<h6 class=\"wp-block-heading has-text-align-center has-white-color has-text-color has-link-color wp-elements-e6a076ad97e5fc754a53a17cbb52cdd0\" style=\"font-size:1px\">Witaj<\/h6>\n\n\n\n<p class=\"has-text-align-center has-white-color has-text-color has-link-color wp-elements-3968bf9d2ab4a19e131c8415bf56c00d\" style=\"font-size:1px\">Zapisz si\u0119 ju\u017c dzi\u015b na bezp\u0142atn\u0105 lekcj\u0119 pr\u00f3bn\u0105 i sprawd\u017a nas! <\/p>\n\n\n\n<p class=\"has-text-align-center has-white-color has-text-color has-link-color wp-elements-e75cd93d6f8c2170d50fdcd090554331\" style=\"font-size:1px\">Witaj w Akademii P\u0142ywania Dragon \u2013 miejscu, gdzie z pewno\u015bci\u0105 nauka p\u0142ywania staje si\u0119 pasj\u0105! <br>Nasza szko\u0142a p\u0142ywania mie\u015bci si\u0119 w Gdyni (<a href=\"http:\/\/basenkarwiny.zsp2.gdynia.pl\">basen Karwiny<\/a> i<a href=\"http:\/\/www.relaxcenter.pl\"> basen hotelu Mercure Gdynia<\/a>) oraz <a href=\"https:\/\/kosakowosport.pl\/centrum-sportowe\/\">Kosakowie w Centrum Sportowym Kosakowo<\/a>, oferuj\u0105c kompleksowe i profesjonalne zaj\u0119cia dla wszystkich grup wiekowych.<br>Chcesz swobodnie porusza\u0107 si\u0119 w wodzie? <br>Szukasz szko\u0142y p\u0142ywania, w kt\u00f3rej Twoje dziecko nie tylko nauczy si\u0119 p\u0142ywa\u0107, ale i b\u0119dzie si\u0119 \u015bwietnie bawi\u0107?<br>Chcesz rozwija\u0107 umiej\u0119tno\u015bci p\u0142ywackie w bezpiecznej i przyjaznej atmosferze?<br> Do\u0142\u0105cz do naszej Akademii i odkryj rado\u015b\u0107 p\u0142yn\u0105c\u0105 z p\u0142ywania!<\/p>\n\n\n\n<p class=\"has-text-align-center has-white-color has-text-color has-link-color wp-elements-9f7a0af52e4b3d9979c18b0cb1099cb1\" style=\"font-size:1px\">Bez w\u0105tpienia zapewniamy wysoko wykwalifikowan\u0105 kadr\u0119 instruktor\u00f3w i trener\u00f3w, kt\u00f3rzy z pasj\u0105 dziel\u0105 si\u0119 swoj\u0105 wiedz\u0105. <br>Nasze zaj\u0119cia skierowane s\u0105 zar\u00f3wno do pocz\u0105tkuj\u0105cych, jak i zaawansowanych p\u0142ywak\u00f3w.<br> Dzi\u0119ki indywidualnemu podej\u015bciu  ka\u017cdy uczestnik ma szans\u0119 rozwija\u0107 umiej\u0119tno\u015bci w swoim tempie.<\/p>\n\n\n\n<p class=\"has-text-align-center has-white-color has-text-color has-link-color wp-elements-3968bf9d2ab4a19e131c8415bf56c00d\" style=\"font-size:1px\">Zapisz si\u0119 ju\u017c dzi\u015b na bezp\u0142atn\u0105 lekcj\u0119 pr\u00f3bn\u0105 i sprawd\u017a nas! <\/p>\n","protected":false},"excerpt":{"rendered":"<p>Dokumenty do pobrania W tym miejscu znajd\u0105 Pa\u0144stwo wszystkie dokumenty obowi\u0105zuj\u0105ce w klubie gotowe do pobrania. Nowi cz\u0142onkowie: Prosimy o wype\u0142nienie i dostarczenie orygina\u0142u ca\u0142ego&hellip;<\/p>\n","protected":false},"author":2,"featured_media":0,"parent":0,"menu_order":0,"comment_status":"closed","ping_status":"closed","template":"","meta":{"footnotes":""},"class_list":["post-252","page","type-page","status-publish","hentry"],"yoast_head":"<!-- This site is optimized with the Yoast SEO plugin v27.4 - https:\/\/yoast.com\/product\/yoast-seo-wordpress\/ -->\n<title>Dokumenty - Akademia P\u0142ywania Dragon<\/title>\n<meta name=\"description\" content=\"W tym miejscu znajd\u0105 Pa\u0144stwo regulamin klubu oraz wszystkie dokumenty do pobrania potrzebne do rozpocz\u0119cia nauki p\u0142ywania w Dragonie.\" \/>\n<meta name=\"robots\" content=\"index, follow, max-snippet:-1, max-image-preview:large, max-video-preview:-1\" \/>\n<link rel=\"canonical\" href=\"https:\/\/www.plywaniedragon.pl\/index.php\/do-pobrania\/\" \/>\n<meta property=\"og:locale\" content=\"pl_PL\" \/>\n<meta property=\"og:type\" content=\"article\" \/>\n<meta property=\"og:title\" content=\"Dokumenty - Akademia P\u0142ywania Dragon\" \/>\n<meta property=\"og:description\" content=\"W tym miejscu znajd\u0105 Pa\u0144stwo regulamin klubu oraz wszystkie dokumenty do pobrania potrzebne do rozpocz\u0119cia nauki p\u0142ywania w Dragonie.\" \/>\n<meta property=\"og:url\" content=\"https:\/\/www.plywaniedragon.pl\/index.php\/do-pobrania\/\" \/>\n<meta property=\"og:site_name\" content=\"Akademia P\u0142ywania Dragon - Szko\u0142a P\u0142ywania\" \/>\n<meta property=\"article:publisher\" content=\"https:\/\/www.facebook.com\/PlywanieDragon\" \/>\n<meta property=\"article:modified_time\" content=\"2026-02-01T08:19:37+00:00\" \/>\n<meta property=\"og:image\" content=\"https:\/\/www.plywaniedragon.pl\/wp-content\/uploads\/2023\/11\/plywanie_logo_bez_tla.png\" \/>\n\t<meta property=\"og:image:width\" content=\"1200\" \/>\n\t<meta property=\"og:image:height\" content=\"1200\" \/>\n\t<meta property=\"og:image:type\" content=\"image\/png\" \/>\n<meta name=\"twitter:card\" content=\"summary_large_image\" \/>\n<meta name=\"twitter:label1\" content=\"Szacowany czas czytania\" \/>\n\t<meta name=\"twitter:data1\" content=\"3 minuty\" \/>\n<script type=\"application\/ld+json\" class=\"yoast-schema-graph\">{\"@context\":\"https:\\\/\\\/schema.org\",\"@graph\":[{\"@type\":\"WebPage\",\"@id\":\"https:\\\/\\\/www.plywaniedragon.pl\\\/index.php\\\/do-pobrania\\\/\",\"url\":\"https:\\\/\\\/www.plywaniedragon.pl\\\/index.php\\\/do-pobrania\\\/\",\"name\":\"Dokumenty - Akademia P\u0142ywania Dragon\",\"isPartOf\":{\"@id\":\"https:\\\/\\\/www.plywaniedragon.pl\\\/#website\"},\"primaryImageOfPage\":{\"@id\":\"https:\\\/\\\/www.plywaniedragon.pl\\\/index.php\\\/do-pobrania\\\/#primaryimage\"},\"image\":{\"@id\":\"https:\\\/\\\/www.plywaniedragon.pl\\\/index.php\\\/do-pobrania\\\/#primaryimage\"},\"thumbnailUrl\":\"https:\\\/\\\/www.plywaniedragon.pl\\\/wp-content\\\/uploads\\\/2023\\\/11\\\/plywanie_logo_bez_tla-1024x1024.png\",\"datePublished\":\"2023-07-29T15:26:49+00:00\",\"dateModified\":\"2026-02-01T08:19:37+00:00\",\"description\":\"W tym miejscu znajd\u0105 Pa\u0144stwo regulamin klubu oraz wszystkie dokumenty do pobrania potrzebne do rozpocz\u0119cia nauki p\u0142ywania w Dragonie.\",\"breadcrumb\":{\"@id\":\"https:\\\/\\\/www.plywaniedragon.pl\\\/index.php\\\/do-pobrania\\\/#breadcrumb\"},\"inLanguage\":\"pl-PL\",\"potentialAction\":[{\"@type\":\"ReadAction\",\"target\":[\"https:\\\/\\\/www.plywaniedragon.pl\\\/index.php\\\/do-pobrania\\\/\"]}]},{\"@type\":\"ImageObject\",\"inLanguage\":\"pl-PL\",\"@id\":\"https:\\\/\\\/www.plywaniedragon.pl\\\/index.php\\\/do-pobrania\\\/#primaryimage\",\"url\":\"https:\\\/\\\/www.plywaniedragon.pl\\\/wp-content\\\/uploads\\\/2023\\\/11\\\/plywanie_logo_bez_tla.png\",\"contentUrl\":\"https:\\\/\\\/www.plywaniedragon.pl\\\/wp-content\\\/uploads\\\/2023\\\/11\\\/plywanie_logo_bez_tla.png\",\"width\":1200,\"height\":1200},{\"@type\":\"BreadcrumbList\",\"@id\":\"https:\\\/\\\/www.plywaniedragon.pl\\\/index.php\\\/do-pobrania\\\/#breadcrumb\",\"itemListElement\":[{\"@type\":\"ListItem\",\"position\":1,\"name\":\"Strona g\u0142\u00f3wna\",\"item\":\"https:\\\/\\\/www.plywaniedragon.pl\\\/\"},{\"@type\":\"ListItem\",\"position\":2,\"name\":\"Dokumenty\"}]},{\"@type\":\"WebSite\",\"@id\":\"https:\\\/\\\/www.plywaniedragon.pl\\\/#website\",\"url\":\"https:\\\/\\\/www.plywaniedragon.pl\\\/\",\"name\":\"Akademia P\u0142ywania Dragon\",\"description\":\"Szko\u0142\u0105 P\u0142ywania - Akademia P\u0142ywania Dragon - Nauka P\u0142ywania na najwy\u017cszym poziomie\",\"publisher\":{\"@id\":\"https:\\\/\\\/www.plywaniedragon.pl\\\/#organization\"},\"potentialAction\":[{\"@type\":\"SearchAction\",\"target\":{\"@type\":\"EntryPoint\",\"urlTemplate\":\"https:\\\/\\\/www.plywaniedragon.pl\\\/?s={search_term_string}\"},\"query-input\":{\"@type\":\"PropertyValueSpecification\",\"valueRequired\":true,\"valueName\":\"search_term_string\"}}],\"inLanguage\":\"pl-PL\"},{\"@type\":\"Organization\",\"@id\":\"https:\\\/\\\/www.plywaniedragon.pl\\\/#organization\",\"name\":\"Akademia P\u0142ywania Dragon\",\"url\":\"https:\\\/\\\/www.plywaniedragon.pl\\\/\",\"logo\":{\"@type\":\"ImageObject\",\"inLanguage\":\"pl-PL\",\"@id\":\"https:\\\/\\\/www.plywaniedragon.pl\\\/#\\\/schema\\\/logo\\\/image\\\/\",\"url\":\"https:\\\/\\\/www.plywaniedragon.pl\\\/wp-content\\\/uploads\\\/2023\\\/07\\\/cropped-cropped-cropped-cropped-cropped-cropped-plywanie_logo_bez_tla.png\",\"contentUrl\":\"https:\\\/\\\/www.plywaniedragon.pl\\\/wp-content\\\/uploads\\\/2023\\\/07\\\/cropped-cropped-cropped-cropped-cropped-cropped-plywanie_logo_bez_tla.png\",\"width\":512,\"height\":512,\"caption\":\"Akademia P\u0142ywania Dragon\"},\"image\":{\"@id\":\"https:\\\/\\\/www.plywaniedragon.pl\\\/#\\\/schema\\\/logo\\\/image\\\/\"},\"sameAs\":[\"https:\\\/\\\/www.facebook.com\\\/PlywanieDragon\",\"https:\\\/\\\/www.instagram.com\\\/plywaniedragon\\\/\"]}]}<\/script>\n<!-- \/ Yoast SEO plugin. -->","yoast_head_json":{"title":"Dokumenty - Akademia P\u0142ywania Dragon","description":"W tym miejscu znajd\u0105 Pa\u0144stwo regulamin klubu oraz wszystkie dokumenty do pobrania potrzebne do rozpocz\u0119cia nauki p\u0142ywania w Dragonie.","robots":{"index":"index","follow":"follow","max-snippet":"max-snippet:-1","max-image-preview":"max-image-preview:large","max-video-preview":"max-video-preview:-1"},"canonical":"https:\/\/www.plywaniedragon.pl\/index.php\/do-pobrania\/","og_locale":"pl_PL","og_type":"article","og_title":"Dokumenty - Akademia P\u0142ywania Dragon","og_description":"W tym miejscu znajd\u0105 Pa\u0144stwo regulamin klubu oraz wszystkie dokumenty do pobrania potrzebne do rozpocz\u0119cia nauki p\u0142ywania w Dragonie.","og_url":"https:\/\/www.plywaniedragon.pl\/index.php\/do-pobrania\/","og_site_name":"Akademia P\u0142ywania Dragon - Szko\u0142a P\u0142ywania","article_publisher":"https:\/\/www.facebook.com\/PlywanieDragon","article_modified_time":"2026-02-01T08:19:37+00:00","og_image":[{"width":1200,"height":1200,"url":"https:\/\/www.plywaniedragon.pl\/wp-content\/uploads\/2023\/11\/plywanie_logo_bez_tla.png","type":"image\/png"}],"twitter_card":"summary_large_image","twitter_misc":{"Szacowany czas czytania":"3 minuty"},"schema":{"@context":"https:\/\/schema.org","@graph":[{"@type":"WebPage","@id":"https:\/\/www.plywaniedragon.pl\/index.php\/do-pobrania\/","url":"https:\/\/www.plywaniedragon.pl\/index.php\/do-pobrania\/","name":"Dokumenty - Akademia P\u0142ywania Dragon","isPartOf":{"@id":"https:\/\/www.plywaniedragon.pl\/#website"},"primaryImageOfPage":{"@id":"https:\/\/www.plywaniedragon.pl\/index.php\/do-pobrania\/#primaryimage"},"image":{"@id":"https:\/\/www.plywaniedragon.pl\/index.php\/do-pobrania\/#primaryimage"},"thumbnailUrl":"https:\/\/www.plywaniedragon.pl\/wp-content\/uploads\/2023\/11\/plywanie_logo_bez_tla-1024x1024.png","datePublished":"2023-07-29T15:26:49+00:00","dateModified":"2026-02-01T08:19:37+00:00","description":"W tym miejscu znajd\u0105 Pa\u0144stwo regulamin klubu oraz wszystkie dokumenty do pobrania potrzebne do rozpocz\u0119cia nauki p\u0142ywania w Dragonie.","breadcrumb":{"@id":"https:\/\/www.plywaniedragon.pl\/index.php\/do-pobrania\/#breadcrumb"},"inLanguage":"pl-PL","potentialAction":[{"@type":"ReadAction","target":["https:\/\/www.plywaniedragon.pl\/index.php\/do-pobrania\/"]}]},{"@type":"ImageObject","inLanguage":"pl-PL","@id":"https:\/\/www.plywaniedragon.pl\/index.php\/do-pobrania\/#primaryimage","url":"https:\/\/www.plywaniedragon.pl\/wp-content\/uploads\/2023\/11\/plywanie_logo_bez_tla.png","contentUrl":"https:\/\/www.plywaniedragon.pl\/wp-content\/uploads\/2023\/11\/plywanie_logo_bez_tla.png","width":1200,"height":1200},{"@type":"BreadcrumbList","@id":"https:\/\/www.plywaniedragon.pl\/index.php\/do-pobrania\/#breadcrumb","itemListElement":[{"@type":"ListItem","position":1,"name":"Strona g\u0142\u00f3wna","item":"https:\/\/www.plywaniedragon.pl\/"},{"@type":"ListItem","position":2,"name":"Dokumenty"}]},{"@type":"WebSite","@id":"https:\/\/www.plywaniedragon.pl\/#website","url":"https:\/\/www.plywaniedragon.pl\/","name":"Akademia P\u0142ywania Dragon","description":"Szko\u0142\u0105 P\u0142ywania - Akademia P\u0142ywania Dragon - Nauka P\u0142ywania na najwy\u017cszym poziomie","publisher":{"@id":"https:\/\/www.plywaniedragon.pl\/#organization"},"potentialAction":[{"@type":"SearchAction","target":{"@type":"EntryPoint","urlTemplate":"https:\/\/www.plywaniedragon.pl\/?s={search_term_string}"},"query-input":{"@type":"PropertyValueSpecification","valueRequired":true,"valueName":"search_term_string"}}],"inLanguage":"pl-PL"},{"@type":"Organization","@id":"https:\/\/www.plywaniedragon.pl\/#organization","name":"Akademia P\u0142ywania Dragon","url":"https:\/\/www.plywaniedragon.pl\/","logo":{"@type":"ImageObject","inLanguage":"pl-PL","@id":"https:\/\/www.plywaniedragon.pl\/#\/schema\/logo\/image\/","url":"https:\/\/www.plywaniedragon.pl\/wp-content\/uploads\/2023\/07\/cropped-cropped-cropped-cropped-cropped-cropped-plywanie_logo_bez_tla.png","contentUrl":"https:\/\/www.plywaniedragon.pl\/wp-content\/uploads\/2023\/07\/cropped-cropped-cropped-cropped-cropped-cropped-plywanie_logo_bez_tla.png","width":512,"height":512,"caption":"Akademia P\u0142ywania Dragon"},"image":{"@id":"https:\/\/www.plywaniedragon.pl\/#\/schema\/logo\/image\/"},"sameAs":["https:\/\/www.facebook.com\/PlywanieDragon","https:\/\/www.instagram.com\/plywaniedragon\/"]}]}},"_links":{"self":[{"href":"https:\/\/www.plywaniedragon.pl\/index.php\/wp-json\/wp\/v2\/pages\/252","targetHints":{"allow":["GET"]}}],"collection":[{"href":"https:\/\/www.plywaniedragon.pl\/index.php\/wp-json\/wp\/v2\/pages"}],"about":[{"href":"https:\/\/www.plywaniedragon.pl\/index.php\/wp-json\/wp\/v2\/types\/page"}],"author":[{"embeddable":true,"href":"https:\/\/www.plywaniedragon.pl\/index.php\/wp-json\/wp\/v2\/users\/2"}],"replies":[{"embeddable":true,"href":"https:\/\/www.plywaniedragon.pl\/index.php\/wp-json\/wp\/v2\/comments?post=252"}],"version-history":[{"count":37,"href":"https:\/\/www.plywaniedragon.pl\/index.php\/wp-json\/wp\/v2\/pages\/252\/revisions"}],"predecessor-version":[{"id":1682,"href":"https:\/\/www.plywaniedragon.pl\/index.php\/wp-json\/wp\/v2\/pages\/252\/revisions\/1682"}],"wp:attachment":[{"href":"https:\/\/www.plywaniedragon.pl\/index.php\/wp-json\/wp\/v2\/media?parent=252"}],"curies":[{"name":"wp","href":"https:\/\/api.w.org\/{rel}","templated":true}]}}