{"id":1717,"date":"2026-05-08T09:56:42","date_gmt":"2026-05-08T09:56:42","guid":{"rendered":"https:\/\/www.plywaniedragon.pl\/?page_id=1717"},"modified":"2026-05-08T09:56:50","modified_gmt":"2026-05-08T09:56:50","slug":"klauzula-informacyjna-rodo","status":"publish","type":"page","link":"https:\/\/www.plywaniedragon.pl\/index.php\/klauzula-informacyjna-rodo\/","title":{"rendered":"Klauzula informacyjna RODO"},"content":{"rendered":"\n<p>Administratorem danych osobowych jest UKS Akademia Judo Dragon \u2013 Sekcja P\u0142ywacka z siedzib\u0105 przy ul. Starodworcowej 34\/2, 81-575 Gdynia, NIP: 586-23-07-124.<\/p>\n\n\n\n<p>Dane osobowe podane w formularzu s\u0105 przetwarzane w celu:<\/p>\n\n\n\n<ul class=\"wp-block-list\">\n<li>realizacji procesu zg\u0142oszenia na zaj\u0119cia,<\/li>\n\n\n\n<li>kontaktu organizacyjnego,<\/li>\n\n\n\n<li>prowadzenia dokumentacji uczestnictwa w zaj\u0119ciach,<\/li>\n\n\n\n<li>realizacji obowi\u0105zk\u00f3w wynikaj\u0105cych z przepis\u00f3w prawa.<\/li>\n<\/ul>\n\n\n\n<p>Podanie danych jest dobrowolne, jednak niezb\u0119dne do realizacji zg\u0142oszenia i uczestnictwa w zaj\u0119ciach.<\/p>\n\n\n\n<p>Osobie, kt\u00f3rej dane dotycz\u0105, przys\u0142uguje prawo:<\/p>\n\n\n\n<ul class=\"wp-block-list\">\n<li>dost\u0119pu do danych,<\/li>\n\n\n\n<li>sprostowania danych,<\/li>\n\n\n\n<li>usuni\u0119cia danych,<\/li>\n\n\n\n<li>ograniczenia przetwarzania,<\/li>\n\n\n\n<li>przenoszenia danych,<\/li>\n\n\n\n<li>cofni\u0119cia zgody w dowolnym momencie,<\/li>\n\n\n\n<li>wniesienia skargi do Prezesa Urz\u0119du Ochrony Danych Osobowych.<\/li>\n<\/ul>\n\n\n\n<p>Dane mog\u0105 by\u0107 powierzane podmiotom wsp\u00f3\u0142pracuj\u0105cym z Administratorem wy\u0142\u0105cznie w zakresie niezb\u0119dnym do realizacji us\u0142ug, w szczeg\u00f3lno\u015bci dostawcom us\u0142ug hostingowych, ksi\u0119gowych oraz informatycznych.<\/p>\n\n\n\n<p>Dane osobowe nie s\u0105 sprzedawane ani udost\u0119pniane podmiotom nieuprawnionym.<\/p>\n\n\n\n<p>Szczeg\u00f3\u0142owe informacje dotycz\u0105ce przetwarzania danych osobowych znajduj\u0105 si\u0119 w Polityce Prywatno\u015bci.<\/p>\n","protected":false},"excerpt":{"rendered":"<p>Administratorem danych osobowych jest UKS Akademia Judo Dragon \u2013 Sekcja P\u0142ywacka z siedzib\u0105 przy ul. Starodworcowej 34\/2, 81-575 Gdynia, NIP: 586-23-07-124. Dane osobowe podane w&hellip;<\/p>\n","protected":false},"author":2,"featured_media":0,"parent":0,"menu_order":0,"comment_status":"closed","ping_status":"closed","template":"","meta":{"footnotes":""},"class_list":["post-1717","page","type-page","status-publish","hentry"],"yoast_head":"<!-- This site is optimized with the Yoast SEO plugin v27.5 - https:\/\/yoast.com\/product\/yoast-seo-wordpress\/ -->\n<title>Klauzula informacyjna RODO - Akademia P\u0142ywania Dragon - Szko\u0142a P\u0142ywania<\/title>\n<meta name=\"robots\" content=\"index, follow, max-snippet:-1, max-image-preview:large, max-video-preview:-1\" \/>\n<link rel=\"canonical\" href=\"https:\/\/www.plywaniedragon.pl\/index.php\/klauzula-informacyjna-rodo\/\" \/>\n<meta property=\"og:locale\" content=\"pl_PL\" \/>\n<meta property=\"og:type\" content=\"article\" \/>\n<meta property=\"og:title\" content=\"Klauzula informacyjna RODO - Akademia P\u0142ywania Dragon - Szko\u0142a P\u0142ywania\" \/>\n<meta property=\"og:description\" content=\"Administratorem danych osobowych jest UKS Akademia Judo Dragon \u2013 Sekcja P\u0142ywacka z siedzib\u0105 przy ul. Starodworcowej 34\/2, 81-575 Gdynia, NIP: 586-23-07-124. Dane osobowe podane w&hellip;\" \/>\n<meta property=\"og:url\" content=\"https:\/\/www.plywaniedragon.pl\/index.php\/klauzula-informacyjna-rodo\/\" \/>\n<meta property=\"og:site_name\" content=\"Akademia P\u0142ywania Dragon - Szko\u0142a P\u0142ywania\" \/>\n<meta property=\"article:publisher\" content=\"https:\/\/www.facebook.com\/PlywanieDragon\" \/>\n<meta property=\"article:modified_time\" content=\"2026-05-08T09:56:50+00:00\" \/>\n<meta name=\"twitter:card\" content=\"summary_large_image\" \/>\n<meta name=\"twitter:label1\" content=\"Szacowany czas czytania\" \/>\n\t<meta name=\"twitter:data1\" content=\"1 minuta\" \/>\n<script type=\"application\/ld+json\" class=\"yoast-schema-graph\">{\"@context\":\"https:\\\/\\\/schema.org\",\"@graph\":[{\"@type\":\"WebPage\",\"@id\":\"https:\\\/\\\/www.plywaniedragon.pl\\\/index.php\\\/klauzula-informacyjna-rodo\\\/\",\"url\":\"https:\\\/\\\/www.plywaniedragon.pl\\\/index.php\\\/klauzula-informacyjna-rodo\\\/\",\"name\":\"Klauzula informacyjna RODO - Akademia P\u0142ywania Dragon - Szko\u0142a P\u0142ywania\",\"isPartOf\":{\"@id\":\"https:\\\/\\\/www.plywaniedragon.pl\\\/#website\"},\"datePublished\":\"2026-05-08T09:56:42+00:00\",\"dateModified\":\"2026-05-08T09:56:50+00:00\",\"breadcrumb\":{\"@id\":\"https:\\\/\\\/www.plywaniedragon.pl\\\/index.php\\\/klauzula-informacyjna-rodo\\\/#breadcrumb\"},\"inLanguage\":\"pl-PL\",\"potentialAction\":[{\"@type\":\"ReadAction\",\"target\":[\"https:\\\/\\\/www.plywaniedragon.pl\\\/index.php\\\/klauzula-informacyjna-rodo\\\/\"]}]},{\"@type\":\"BreadcrumbList\",\"@id\":\"https:\\\/\\\/www.plywaniedragon.pl\\\/index.php\\\/klauzula-informacyjna-rodo\\\/#breadcrumb\",\"itemListElement\":[{\"@type\":\"ListItem\",\"position\":1,\"name\":\"Strona g\u0142\u00f3wna\",\"item\":\"https:\\\/\\\/www.plywaniedragon.pl\\\/\"},{\"@type\":\"ListItem\",\"position\":2,\"name\":\"Klauzula informacyjna RODO\"}]},{\"@type\":\"WebSite\",\"@id\":\"https:\\\/\\\/www.plywaniedragon.pl\\\/#website\",\"url\":\"https:\\\/\\\/www.plywaniedragon.pl\\\/\",\"name\":\"Akademia P\u0142ywania Dragon\",\"description\":\"Szko\u0142\u0105 P\u0142ywania - Akademia P\u0142ywania Dragon - Nauka P\u0142ywania na najwy\u017cszym poziomie\",\"publisher\":{\"@id\":\"https:\\\/\\\/www.plywaniedragon.pl\\\/#organization\"},\"potentialAction\":[{\"@type\":\"SearchAction\",\"target\":{\"@type\":\"EntryPoint\",\"urlTemplate\":\"https:\\\/\\\/www.plywaniedragon.pl\\\/?s={search_term_string}\"},\"query-input\":{\"@type\":\"PropertyValueSpecification\",\"valueRequired\":true,\"valueName\":\"search_term_string\"}}],\"inLanguage\":\"pl-PL\"},{\"@type\":\"Organization\",\"@id\":\"https:\\\/\\\/www.plywaniedragon.pl\\\/#organization\",\"name\":\"Akademia P\u0142ywania Dragon\",\"url\":\"https:\\\/\\\/www.plywaniedragon.pl\\\/\",\"logo\":{\"@type\":\"ImageObject\",\"inLanguage\":\"pl-PL\",\"@id\":\"https:\\\/\\\/www.plywaniedragon.pl\\\/#\\\/schema\\\/logo\\\/image\\\/\",\"url\":\"https:\\\/\\\/www.plywaniedragon.pl\\\/wp-content\\\/uploads\\\/2023\\\/07\\\/cropped-cropped-cropped-cropped-cropped-cropped-plywanie_logo_bez_tla.png\",\"contentUrl\":\"https:\\\/\\\/www.plywaniedragon.pl\\\/wp-content\\\/uploads\\\/2023\\\/07\\\/cropped-cropped-cropped-cropped-cropped-cropped-plywanie_logo_bez_tla.png\",\"width\":512,\"height\":512,\"caption\":\"Akademia P\u0142ywania Dragon\"},\"image\":{\"@id\":\"https:\\\/\\\/www.plywaniedragon.pl\\\/#\\\/schema\\\/logo\\\/image\\\/\"},\"sameAs\":[\"https:\\\/\\\/www.facebook.com\\\/PlywanieDragon\",\"https:\\\/\\\/www.instagram.com\\\/plywaniedragon\\\/\"]}]}<\/script>\n<!-- \/ Yoast SEO plugin. -->","yoast_head_json":{"title":"Klauzula informacyjna RODO - Akademia P\u0142ywania Dragon - Szko\u0142a P\u0142ywania","robots":{"index":"index","follow":"follow","max-snippet":"max-snippet:-1","max-image-preview":"max-image-preview:large","max-video-preview":"max-video-preview:-1"},"canonical":"https:\/\/www.plywaniedragon.pl\/index.php\/klauzula-informacyjna-rodo\/","og_locale":"pl_PL","og_type":"article","og_title":"Klauzula informacyjna RODO - Akademia P\u0142ywania Dragon - Szko\u0142a P\u0142ywania","og_description":"Administratorem danych osobowych jest UKS Akademia Judo Dragon \u2013 Sekcja P\u0142ywacka z siedzib\u0105 przy ul. Starodworcowej 34\/2, 81-575 Gdynia, NIP: 586-23-07-124. Dane osobowe podane w&hellip;","og_url":"https:\/\/www.plywaniedragon.pl\/index.php\/klauzula-informacyjna-rodo\/","og_site_name":"Akademia P\u0142ywania Dragon - Szko\u0142a P\u0142ywania","article_publisher":"https:\/\/www.facebook.com\/PlywanieDragon","article_modified_time":"2026-05-08T09:56:50+00:00","twitter_card":"summary_large_image","twitter_misc":{"Szacowany czas czytania":"1 minuta"},"schema":{"@context":"https:\/\/schema.org","@graph":[{"@type":"WebPage","@id":"https:\/\/www.plywaniedragon.pl\/index.php\/klauzula-informacyjna-rodo\/","url":"https:\/\/www.plywaniedragon.pl\/index.php\/klauzula-informacyjna-rodo\/","name":"Klauzula informacyjna RODO - Akademia P\u0142ywania Dragon - Szko\u0142a P\u0142ywania","isPartOf":{"@id":"https:\/\/www.plywaniedragon.pl\/#website"},"datePublished":"2026-05-08T09:56:42+00:00","dateModified":"2026-05-08T09:56:50+00:00","breadcrumb":{"@id":"https:\/\/www.plywaniedragon.pl\/index.php\/klauzula-informacyjna-rodo\/#breadcrumb"},"inLanguage":"pl-PL","potentialAction":[{"@type":"ReadAction","target":["https:\/\/www.plywaniedragon.pl\/index.php\/klauzula-informacyjna-rodo\/"]}]},{"@type":"BreadcrumbList","@id":"https:\/\/www.plywaniedragon.pl\/index.php\/klauzula-informacyjna-rodo\/#breadcrumb","itemListElement":[{"@type":"ListItem","position":1,"name":"Strona g\u0142\u00f3wna","item":"https:\/\/www.plywaniedragon.pl\/"},{"@type":"ListItem","position":2,"name":"Klauzula informacyjna RODO"}]},{"@type":"WebSite","@id":"https:\/\/www.plywaniedragon.pl\/#website","url":"https:\/\/www.plywaniedragon.pl\/","name":"Akademia P\u0142ywania Dragon","description":"Szko\u0142\u0105 P\u0142ywania - Akademia P\u0142ywania Dragon - Nauka P\u0142ywania na najwy\u017cszym poziomie","publisher":{"@id":"https:\/\/www.plywaniedragon.pl\/#organization"},"potentialAction":[{"@type":"SearchAction","target":{"@type":"EntryPoint","urlTemplate":"https:\/\/www.plywaniedragon.pl\/?s={search_term_string}"},"query-input":{"@type":"PropertyValueSpecification","valueRequired":true,"valueName":"search_term_string"}}],"inLanguage":"pl-PL"},{"@type":"Organization","@id":"https:\/\/www.plywaniedragon.pl\/#organization","name":"Akademia P\u0142ywania Dragon","url":"https:\/\/www.plywaniedragon.pl\/","logo":{"@type":"ImageObject","inLanguage":"pl-PL","@id":"https:\/\/www.plywaniedragon.pl\/#\/schema\/logo\/image\/","url":"https:\/\/www.plywaniedragon.pl\/wp-content\/uploads\/2023\/07\/cropped-cropped-cropped-cropped-cropped-cropped-plywanie_logo_bez_tla.png","contentUrl":"https:\/\/www.plywaniedragon.pl\/wp-content\/uploads\/2023\/07\/cropped-cropped-cropped-cropped-cropped-cropped-plywanie_logo_bez_tla.png","width":512,"height":512,"caption":"Akademia P\u0142ywania Dragon"},"image":{"@id":"https:\/\/www.plywaniedragon.pl\/#\/schema\/logo\/image\/"},"sameAs":["https:\/\/www.facebook.com\/PlywanieDragon","https:\/\/www.instagram.com\/plywaniedragon\/"]}]}},"_links":{"self":[{"href":"https:\/\/www.plywaniedragon.pl\/index.php\/wp-json\/wp\/v2\/pages\/1717","targetHints":{"allow":["GET"]}}],"collection":[{"href":"https:\/\/www.plywaniedragon.pl\/index.php\/wp-json\/wp\/v2\/pages"}],"about":[{"href":"https:\/\/www.plywaniedragon.pl\/index.php\/wp-json\/wp\/v2\/types\/page"}],"author":[{"embeddable":true,"href":"https:\/\/www.plywaniedragon.pl\/index.php\/wp-json\/wp\/v2\/users\/2"}],"replies":[{"embeddable":true,"href":"https:\/\/www.plywaniedragon.pl\/index.php\/wp-json\/wp\/v2\/comments?post=1717"}],"version-history":[{"count":1,"href":"https:\/\/www.plywaniedragon.pl\/index.php\/wp-json\/wp\/v2\/pages\/1717\/revisions"}],"predecessor-version":[{"id":1718,"href":"https:\/\/www.plywaniedragon.pl\/index.php\/wp-json\/wp\/v2\/pages\/1717\/revisions\/1718"}],"wp:attachment":[{"href":"https:\/\/www.plywaniedragon.pl\/index.php\/wp-json\/wp\/v2\/media?parent=1717"}],"curies":[{"name":"wp","href":"https:\/\/api.w.org\/{rel}","templated":true}]}}